{"id":685,"date":"2014-11-14T09:20:24","date_gmt":"2014-11-14T09:20:24","guid":{"rendered":"http:\/\/marchelover.com\/?page_id=685"},"modified":"2014-11-15T08:44:43","modified_gmt":"2014-11-15T08:44:43","slug":"taiwan-2014","status":"publish","type":"page","link":"https:\/\/marchelover.com\/pl\/taiwan-2014","title":{"rendered":"Tajwan 2014"},"content":{"rendered":"<h2>Tajwan<\/h2>\n<p style=\"text-align: justify;\">\u017byj\u0105c w Tokio od lipca 2014 roku postanowi\u0142em wybra\u0107 si\u0119 na weekend na Tajwan do Tajpej. Tajwan to wyspa na Oceanie Spokojnym, oddzielona od Chin Cie\u015bnin\u0105 Tajwa\u0144sk\u0105. Po kilkugodzinnym locie samolotem by\u0142em ju\u017c na miejscu. Pierwsze moje wra\u017cenie, kiedy jecha\u0142em z lotniska autobusem do hotelu, by\u0142o takie, \u017ce jestem znowu w Bangkoku. Tropikalny klimat, kolorowe, zat\u0142oczone uliczki,  przepi\u0119kne \u015bwi\u0105tynie du\u017co zieleni oraz uliczne bary i restauracje . Tajpej to taki mniejszy Bangkok, ale r\u00f3wnie urokliwy. Wi\u0119kszo\u015b\u0107 mieszka\u0144c\u00f3w Tajpej porusza si\u0119 po ulicach skuterami. Nigdy wcze\u015bniej nie widzia\u0142em takiej ilo\u015bci skuter\u00f3w jad\u0105cych ulicami oraz zaparkowanych w ka\u017cdym wolnym miejscu. Kolejna rzecz, kt\u00f3ra przyku\u0142a moj\u0105 uwag\u0119 tego wieczoru to wie\u017ca Taipei 101 \u2013 licz\u0105ca 509 metr\u00f3w, kt\u00f3ra jest widoczna z ka\u017cdej strony miasta. Wie\u017cowiec posiada 101 kondygnacji. Postmodernistyczna architektura budowli \u0142\u0105czy w sobie elementy tradycyjne i nowoczesne, nawi\u0105zuj\u0105c zar\u00f3wno do azjatyckiego kr\u0119gu kulturowego, jak i trend\u00f3w og\u00f3lno\u015bwiatowej architektury. Nazwa wie\u017cy nawi\u0105zuje nie tylko do liczby jej pi\u0119ter, lecz tak\u017ce do po\u0142o\u017cenia budynku w dzielnicy mi\u0119dzynarodowego biznesu w Tajpej (posiada ona kod pocztowy zawieraj\u0105cy liczb\u0119 101). Po zameldowaniu si\u0119 w hotelu, wybra\u0142em si\u0119 na jeden z kilkunastu nocnych market\u00f3w. S\u0105 to wielkie, uliczne targowiska z jedzeniem, ciuchami, bi\u017cuteri\u0105 i pami\u0105tkami. Koszulka w kt\u00f3rej jestem na wi\u0119kszo\u015bci zdj\u0119\u0107 pochodzi w\u0142a\u015bnie z tego miejsca. Nocny market to przede wszystkim uczta dla oczu, w takich miejscach mo\u017cna odkry\u0107 nowe smaki i zapachy. Jako, \u017ce jestem \u0142asuchem i kocham s\u0142odycze to m\u00f3j wzrok w pierwszej kolejno\u015bci pow\u0119drowa\u0142 na stoisko z ciastami, kt\u00f3re okaza\u0142y si\u0119 polskimi ciastami, a Pan, kt\u00f3ry je piek\u0142 i sprzedawa\u0142 by\u0142 Polakiem. Ciasto czekoladowe, kt\u00f3re kupi\u0142em by\u0142o pyszne, ale dosta\u0142em tak du\u017cy kawa\u0142ek, \u017ce nawet ja nie da\u0142em rady zje\u015b\u0107 wszystkiego.<\/p>\n<p style=\"text-align: justify;\">Nast\u0119pnego ranka wybra\u0142em si\u0119 na zwiedzanie okolicznych \u015bwi\u0105ty\u0144. Zrobi\u0142em list\u0119 najwa\u017cniejszych miejsc i ruszy\u0142em w miasto. Pierwszy przystanek \u2013 \u015bwi\u0105tynia Longshan, b\u0119d\u0105ca jedn\u0105 z najwi\u0119kszych atrakcji miasta. Niewielka \u015bwi\u0105tynia sk\u0142ada si\u0119 z trzech u\u0142o\u017conych r\u00f3wnolegle do siebie pawilon\u00f3w, otoczonych od wschodu i zachodu mniejszymi zabudowaniami. W bogato zdobionej \u015bwi\u0105tyni znajduje si\u0119 wiele rze\u017ab, w tym wielka figura Buddy w \u015brodkowym pawilonie, za\u015b \u015bciany pokryte s\u0105 licznymi sentencjami i fragmentami poezji. Nast\u0119pnie dotar\u0142em do Pa\u0142acu Prezydenckiego, kt\u00f3ry w ca\u0142o\u015bci zbudowany jest z czerwonej ceg\u0142y. Kolejnym punktem zwiedzania by\u0142 Memorial Hall, gdzie uda\u0142o mi si\u0119 zobaczy\u0107 t\u0142um modl\u0105cych si\u0119 ludzi. Dalej pojecha\u0142em do \u015bwi\u0105tyni Xingtian. Charakterystycznym jej elementem jest stoj\u0105ca na dziedzi\u0144cu du\u017ca kadzielnica z dwoma uchwytami w kszta\u0142cie smok\u00f3w, zwie\u0144czona dwoma daszkami ozdobionymi smoczymi g\u0142owami. Smoki s\u0105 dominuj\u0105cym motywem zdobniczym w \u015bwi\u0105tyni. Na dziedzi\u0144cu znajduj\u0105 si\u0119 tak\u017ce sto\u0142y ofiarne, gdzie mieszka\u0144cy sk\u0142adaj\u0105 ofiary w postaci owoc\u00f3w i kwiat\u00f3w. Moj\u0105 uwag\u0119 najbardziej przyku\u0142y czerwone drzwi. Kolejna \u015bwi\u0105tynia Konfucjusza oczarowa\u0142a mnie swoimi kolorami i prostot\u0105. Brak wymy\u015blnych zdobie\u0144, rze\u017ab, obraz\u00f3w nada\u0142y temu miejscu spokojniejszy klimat. Ostatni\u0105 \u015bwi\u0105tyni\u0105, kt\u00f3r\u0105 zobaczy\u0142em to Martyrs Shrine, po\u0142o\u017cona w\u015br\u00f3d zieleni oraz g\u00f3r. Dzie\u0144 zako\u0144czy\u0142em na wie\u017cy Taipei 101 z kt\u00f3rej podziwia\u0142em widok na ca\u0142e miasto.<\/p>\n<p style=\"text-align: justify;\">Nast\u0119pnego ranka przed wylotem postanowi\u0142em wybra\u0107 si\u0119 do fryzjera w Tajpej. Ci\u0119\u017cko by\u0142o porozumie\u0107 si\u0119 z obs\u0142ug\u0105 w salonie fryzjerskim, poniewa\u017c nikt nie m\u00f3wi\u0142 po angielsku, ale ostatecznie jestem zadowolony z wizyty. Z moja now\u0105 fryzur\u0105 uda\u0142em si\u0119 na lotnisko i wr\u00f3ci\u0142em do Tokio.<\/p>\n\n\t\t<style type=\"text\/css\">\n\t\t\t#gallery-1 {\n\t\t\t\tmargin: auto;\n\t\t\t}\n\t\t\t#gallery-1 .gallery-item {\n\t\t\t\tfloat: left;\n\t\t\t\tmargin-top: 10px;\n\t\t\t\ttext-align: center;\n\t\t\t\twidth: 14%;\n\t\t\t}\n\t\t\t#gallery-1 img {\n\t\t\t\tborder: 2px solid #cfcfcf;\n\t\t\t}\n\t\t\t#gallery-1 .gallery-caption {\n\t\t\t\tmargin-left: 0;\n\t\t\t}\n\t\t\t\/* see gallery_shortcode() in wp-includes\/media.php *\/\n\t\t<\/style>\n\t\t<div id='gallery-1' class='gallery galleryid-685 gallery-columns-7 gallery-size-thumbnail'><dl class='gallery-item'>\n\t\t\t<dt class='gallery-icon landscape'>\n\t\t\t\t<a href='https:\/\/marchelover.com\/wp-content\/uploads\/2014\/11\/1.jpg'><img loading=\"lazy\" decoding=\"async\" width=\"150\" height=\"150\" src=\"https:\/\/marchelover.com\/wp-content\/uploads\/2014\/11\/1-150x150.jpg\" class=\"attachment-thumbnail size-thumbnail\" alt=\"\" \/><\/a>\n\t\t\t<\/dt><\/dl><dl class='gallery-item'>\n\t\t\t<dt class='gallery-icon landscape'>\n\t\t\t\t<a href='https:\/\/marchelover.com\/wp-content\/uploads\/2014\/11\/2.jpg'><img loading=\"lazy\" decoding=\"async\" width=\"150\" height=\"150\" src=\"https:\/\/marchelover.com\/wp-content\/uploads\/2014\/11\/2-150x150.jpg\" class=\"attachment-thumbnail size-thumbnail\" alt=\"\" \/><\/a>\n\t\t\t<\/dt><\/dl><dl class='gallery-item'>\n\t\t\t<dt class='gallery-icon landscape'>\n\t\t\t\t<a href='https:\/\/marchelover.com\/wp-content\/uploads\/2014\/11\/3.jpg'><img loading=\"lazy\" decoding=\"async\" width=\"150\" height=\"150\" src=\"https:\/\/marchelover.com\/wp-content\/uploads\/2014\/11\/3-150x150.jpg\" class=\"attachment-thumbnail size-thumbnail\" alt=\"\" \/><\/a>\n\t\t\t<\/dt><\/dl><dl class='gallery-item'>\n\t\t\t<dt class='gallery-icon landscape'>\n\t\t\t\t<a href='https:\/\/marchelover.com\/wp-content\/uploads\/2014\/11\/4.jpg'><img loading=\"lazy\" decoding=\"async\" width=\"150\" height=\"150\" src=\"https:\/\/marchelover.com\/wp-content\/uploads\/2014\/11\/4-150x150.jpg\" class=\"attachment-thumbnail size-thumbnail\" alt=\"\" \/><\/a>\n\t\t\t<\/dt><\/dl><dl class='gallery-item'>\n\t\t\t<dt class='gallery-icon landscape'>\n\t\t\t\t<a href='https:\/\/marchelover.com\/wp-content\/uploads\/2014\/11\/5.jpg'><img loading=\"lazy\" decoding=\"async\" width=\"150\" height=\"150\" src=\"https:\/\/marchelover.com\/wp-content\/uploads\/2014\/11\/5-150x150.jpg\" class=\"attachment-thumbnail size-thumbnail\" alt=\"\" \/><\/a>\n\t\t\t<\/dt><\/dl><dl class='gallery-item'>\n\t\t\t<dt class='gallery-icon portrait'>\n\t\t\t\t<a href='https:\/\/marchelover.com\/wp-content\/uploads\/2014\/11\/6.jpg'><img loading=\"lazy\" decoding=\"async\" width=\"150\" height=\"150\" src=\"https:\/\/marchelover.com\/wp-content\/uploads\/2014\/11\/6-150x150.jpg\" class=\"attachment-thumbnail size-thumbnail\" alt=\"\" \/><\/a>\n\t\t\t<\/dt><\/dl><dl class='gallery-item'>\n\t\t\t<dt class='gallery-icon landscape'>\n\t\t\t\t<a href='https:\/\/marchelover.com\/wp-content\/uploads\/2014\/11\/7.jpg'><img loading=\"lazy\" decoding=\"async\" width=\"150\" height=\"150\" src=\"https:\/\/marchelover.com\/wp-content\/uploads\/2014\/11\/7-150x150.jpg\" class=\"attachment-thumbnail size-thumbnail\" alt=\"\" \/><\/a>\n\t\t\t<\/dt><\/dl><br style=\"clear: both\" \/><dl class='gallery-item'>\n\t\t\t<dt class='gallery-icon portrait'>\n\t\t\t\t<a href='https:\/\/marchelover.com\/wp-content\/uploads\/2014\/11\/8.jpg'><img loading=\"lazy\" decoding=\"async\" width=\"150\" height=\"150\" src=\"https:\/\/marchelover.com\/wp-content\/uploads\/2014\/11\/8-150x150.jpg\" class=\"attachment-thumbnail size-thumbnail\" alt=\"\" \/><\/a>\n\t\t\t<\/dt><\/dl><dl class='gallery-item'>\n\t\t\t<dt class='gallery-icon landscape'>\n\t\t\t\t<a href='https:\/\/marchelover.com\/wp-content\/uploads\/2014\/11\/9.jpg'><img loading=\"lazy\" decoding=\"async\" width=\"150\" height=\"150\" src=\"https:\/\/marchelover.com\/wp-content\/uploads\/2014\/11\/9-150x150.jpg\" class=\"attachment-thumbnail size-thumbnail\" alt=\"\" \/><\/a>\n\t\t\t<\/dt><\/dl><dl class='gallery-item'>\n\t\t\t<dt class='gallery-icon landscape'>\n\t\t\t\t<a href='https:\/\/marchelover.com\/wp-content\/uploads\/2014\/11\/10.jpg'><img loading=\"lazy\" decoding=\"async\" width=\"150\" height=\"150\" src=\"https:\/\/marchelover.com\/wp-content\/uploads\/2014\/11\/10-150x150.jpg\" class=\"attachment-thumbnail size-thumbnail\" alt=\"\" \/><\/a>\n\t\t\t<\/dt><\/dl><dl class='gallery-item'>\n\t\t\t<dt class='gallery-icon landscape'>\n\t\t\t\t<a href='https:\/\/marchelover.com\/wp-content\/uploads\/2014\/11\/11.jpg'><img loading=\"lazy\" decoding=\"async\" width=\"150\" height=\"150\" src=\"https:\/\/marchelover.com\/wp-content\/uploads\/2014\/11\/11-150x150.jpg\" class=\"attachment-thumbnail size-thumbnail\" alt=\"\" \/><\/a>\n\t\t\t<\/dt><\/dl><dl class='gallery-item'>\n\t\t\t<dt class='gallery-icon landscape'>\n\t\t\t\t<a href='https:\/\/marchelover.com\/wp-content\/uploads\/2014\/11\/12.jpg'><img loading=\"lazy\" decoding=\"async\" width=\"150\" height=\"150\" src=\"https:\/\/marchelover.com\/wp-content\/uploads\/2014\/11\/12-150x150.jpg\" class=\"attachment-thumbnail size-thumbnail\" alt=\"\" \/><\/a>\n\t\t\t<\/dt><\/dl><dl class='gallery-item'>\n\t\t\t<dt class='gallery-icon portrait'>\n\t\t\t\t<a href='https:\/\/marchelover.com\/wp-content\/uploads\/2014\/11\/13.jpg'><img loading=\"lazy\" decoding=\"async\" width=\"150\" height=\"150\" src=\"https:\/\/marchelover.com\/wp-content\/uploads\/2014\/11\/13-150x150.jpg\" class=\"attachment-thumbnail size-thumbnail\" alt=\"\" \/><\/a>\n\t\t\t<\/dt><\/dl><dl class='gallery-item'>\n\t\t\t<dt class='gallery-icon portrait'>\n\t\t\t\t<a href='https:\/\/marchelover.com\/wp-content\/uploads\/2014\/11\/14.jpg'><img loading=\"lazy\" decoding=\"async\" width=\"150\" height=\"150\" src=\"https:\/\/marchelover.com\/wp-content\/uploads\/2014\/11\/14-150x150.jpg\" class=\"attachment-thumbnail size-thumbnail\" alt=\"\" \/><\/a>\n\t\t\t<\/dt><\/dl><br style=\"clear: both\" \/><dl class='gallery-item'>\n\t\t\t<dt class='gallery-icon landscape'>\n\t\t\t\t<a href='https:\/\/marchelover.com\/wp-content\/uploads\/2014\/11\/15.jpg'><img loading=\"lazy\" decoding=\"async\" width=\"150\" height=\"150\" src=\"https:\/\/marchelover.com\/wp-content\/uploads\/2014\/11\/15-150x150.jpg\" class=\"attachment-thumbnail size-thumbnail\" alt=\"\" \/><\/a>\n\t\t\t<\/dt><\/dl><dl class='gallery-item'>\n\t\t\t<dt class='gallery-icon portrait'>\n\t\t\t\t<a href='https:\/\/marchelover.com\/wp-content\/uploads\/2014\/11\/16.jpg'><img loading=\"lazy\" decoding=\"async\" width=\"150\" height=\"150\" src=\"https:\/\/marchelover.com\/wp-content\/uploads\/2014\/11\/16-150x150.jpg\" class=\"attachment-thumbnail size-thumbnail\" alt=\"\" \/><\/a>\n\t\t\t<\/dt><\/dl><dl class='gallery-item'>\n\t\t\t<dt class='gallery-icon landscape'>\n\t\t\t\t<a href='https:\/\/marchelover.com\/wp-content\/uploads\/2014\/11\/17.jpg'><img loading=\"lazy\" decoding=\"async\" width=\"150\" height=\"150\" src=\"https:\/\/marchelover.com\/wp-content\/uploads\/2014\/11\/17-150x150.jpg\" class=\"attachment-thumbnail size-thumbnail\" alt=\"\" \/><\/a>\n\t\t\t<\/dt><\/dl><dl class='gallery-item'>\n\t\t\t<dt class='gallery-icon landscape'>\n\t\t\t\t<a href='https:\/\/marchelover.com\/wp-content\/uploads\/2014\/11\/18.jpg'><img loading=\"lazy\" decoding=\"async\" width=\"150\" height=\"150\" src=\"https:\/\/marchelover.com\/wp-content\/uploads\/2014\/11\/18-150x150.jpg\" class=\"attachment-thumbnail size-thumbnail\" alt=\"\" \/><\/a>\n\t\t\t<\/dt><\/dl><dl class='gallery-item'>\n\t\t\t<dt class='gallery-icon landscape'>\n\t\t\t\t<a href='https:\/\/marchelover.com\/wp-content\/uploads\/2014\/11\/19.jpg'><img loading=\"lazy\" decoding=\"async\" width=\"150\" height=\"150\" src=\"https:\/\/marchelover.com\/wp-content\/uploads\/2014\/11\/19-150x150.jpg\" class=\"attachment-thumbnail size-thumbnail\" alt=\"\" \/><\/a>\n\t\t\t<\/dt><\/dl><dl class='gallery-item'>\n\t\t\t<dt class='gallery-icon portrait'>\n\t\t\t\t<a href='https:\/\/marchelover.com\/wp-content\/uploads\/2014\/11\/20.jpg'><img loading=\"lazy\" decoding=\"async\" width=\"150\" height=\"150\" src=\"https:\/\/marchelover.com\/wp-content\/uploads\/2014\/11\/20-150x150.jpg\" class=\"attachment-thumbnail size-thumbnail\" alt=\"\" \/><\/a>\n\t\t\t<\/dt><\/dl><dl class='gallery-item'>\n\t\t\t<dt class='gallery-icon portrait'>\n\t\t\t\t<a href='https:\/\/marchelover.com\/wp-content\/uploads\/2014\/11\/21.jpg'><img loading=\"lazy\" decoding=\"async\" width=\"150\" height=\"150\" src=\"https:\/\/marchelover.com\/wp-content\/uploads\/2014\/11\/21-150x150.jpg\" class=\"attachment-thumbnail size-thumbnail\" alt=\"\" \/><\/a>\n\t\t\t<\/dt><\/dl><br style=\"clear: both\" \/><dl class='gallery-item'>\n\t\t\t<dt class='gallery-icon landscape'>\n\t\t\t\t<a href='https:\/\/marchelover.com\/wp-content\/uploads\/2014\/11\/22.jpg'><img loading=\"lazy\" decoding=\"async\" width=\"150\" height=\"150\" src=\"https:\/\/marchelover.com\/wp-content\/uploads\/2014\/11\/22-150x150.jpg\" class=\"attachment-thumbnail size-thumbnail\" alt=\"\" \/><\/a>\n\t\t\t<\/dt><\/dl><dl class='gallery-item'>\n\t\t\t<dt class='gallery-icon landscape'>\n\t\t\t\t<a href='https:\/\/marchelover.com\/wp-content\/uploads\/2014\/11\/23.jpg'><img loading=\"lazy\" decoding=\"async\" width=\"150\" height=\"150\" src=\"https:\/\/marchelover.com\/wp-content\/uploads\/2014\/11\/23-150x150.jpg\" class=\"attachment-thumbnail size-thumbnail\" alt=\"\" \/><\/a>\n\t\t\t<\/dt><\/dl><dl class='gallery-item'>\n\t\t\t<dt class='gallery-icon landscape'>\n\t\t\t\t<a href='https:\/\/marchelover.com\/wp-content\/uploads\/2014\/11\/24.jpg'><img loading=\"lazy\" decoding=\"async\" width=\"150\" height=\"150\" src=\"https:\/\/marchelover.com\/wp-content\/uploads\/2014\/11\/24-150x150.jpg\" class=\"attachment-thumbnail size-thumbnail\" alt=\"\" \/><\/a>\n\t\t\t<\/dt><\/dl><dl class='gallery-item'>\n\t\t\t<dt class='gallery-icon landscape'>\n\t\t\t\t<a href='https:\/\/marchelover.com\/wp-content\/uploads\/2014\/11\/25.jpg'><img loading=\"lazy\" decoding=\"async\" width=\"150\" height=\"150\" src=\"https:\/\/marchelover.com\/wp-content\/uploads\/2014\/11\/25-150x150.jpg\" class=\"attachment-thumbnail size-thumbnail\" alt=\"\" \/><\/a>\n\t\t\t<\/dt><\/dl><dl class='gallery-item'>\n\t\t\t<dt class='gallery-icon portrait'>\n\t\t\t\t<a href='https:\/\/marchelover.com\/wp-content\/uploads\/2014\/11\/26.jpg'><img loading=\"lazy\" decoding=\"async\" width=\"150\" height=\"150\" src=\"https:\/\/marchelover.com\/wp-content\/uploads\/2014\/11\/26-150x150.jpg\" class=\"attachment-thumbnail size-thumbnail\" alt=\"\" \/><\/a>\n\t\t\t<\/dt><\/dl><dl class='gallery-item'>\n\t\t\t<dt class='gallery-icon portrait'>\n\t\t\t\t<a href='https:\/\/marchelover.com\/wp-content\/uploads\/2014\/11\/27.jpg'><img loading=\"lazy\" decoding=\"async\" width=\"150\" height=\"150\" src=\"https:\/\/marchelover.com\/wp-content\/uploads\/2014\/11\/27-150x150.jpg\" class=\"attachment-thumbnail size-thumbnail\" alt=\"\" \/><\/a>\n\t\t\t<\/dt><\/dl><dl class='gallery-item'>\n\t\t\t<dt class='gallery-icon portrait'>\n\t\t\t\t<a href='https:\/\/marchelover.com\/wp-content\/uploads\/2014\/11\/28.jpg'><img loading=\"lazy\" decoding=\"async\" width=\"150\" height=\"150\" src=\"https:\/\/marchelover.com\/wp-content\/uploads\/2014\/11\/28-150x150.jpg\" class=\"attachment-thumbnail size-thumbnail\" alt=\"\" \/><\/a>\n\t\t\t<\/dt><\/dl><br style=\"clear: both\" \/><dl class='gallery-item'>\n\t\t\t<dt class='gallery-icon portrait'>\n\t\t\t\t<a href='https:\/\/marchelover.com\/wp-content\/uploads\/2014\/11\/29.jpg'><img loading=\"lazy\" decoding=\"async\" width=\"150\" height=\"150\" src=\"https:\/\/marchelover.com\/wp-content\/uploads\/2014\/11\/29-150x150.jpg\" class=\"attachment-thumbnail size-thumbnail\" alt=\"\" \/><\/a>\n\t\t\t<\/dt><\/dl><dl class='gallery-item'>\n\t\t\t<dt class='gallery-icon landscape'>\n\t\t\t\t<a href='https:\/\/marchelover.com\/wp-content\/uploads\/2014\/11\/30.jpg'><img loading=\"lazy\" decoding=\"async\" width=\"150\" height=\"150\" src=\"https:\/\/marchelover.com\/wp-content\/uploads\/2014\/11\/30-150x150.jpg\" class=\"attachment-thumbnail size-thumbnail\" alt=\"\" \/><\/a>\n\t\t\t<\/dt><\/dl><dl class='gallery-item'>\n\t\t\t<dt class='gallery-icon portrait'>\n\t\t\t\t<a href='https:\/\/marchelover.com\/wp-content\/uploads\/2014\/11\/31.jpg'><img loading=\"lazy\" decoding=\"async\" width=\"150\" height=\"150\" src=\"https:\/\/marchelover.com\/wp-content\/uploads\/2014\/11\/31-150x150.jpg\" class=\"attachment-thumbnail size-thumbnail\" alt=\"\" \/><\/a>\n\t\t\t<\/dt><\/dl><dl class='gallery-item'>\n\t\t\t<dt class='gallery-icon landscape'>\n\t\t\t\t<a href='https:\/\/marchelover.com\/wp-content\/uploads\/2014\/11\/32.jpg'><img loading=\"lazy\" decoding=\"async\" width=\"150\" height=\"150\" src=\"https:\/\/marchelover.com\/wp-content\/uploads\/2014\/11\/32-150x150.jpg\" class=\"attachment-thumbnail size-thumbnail\" alt=\"\" \/><\/a>\n\t\t\t<\/dt><\/dl><dl class='gallery-item'>\n\t\t\t<dt class='gallery-icon landscape'>\n\t\t\t\t<a href='https:\/\/marchelover.com\/wp-content\/uploads\/2014\/11\/33.jpg'><img loading=\"lazy\" decoding=\"async\" width=\"150\" height=\"150\" src=\"https:\/\/marchelover.com\/wp-content\/uploads\/2014\/11\/33-150x150.jpg\" class=\"attachment-thumbnail size-thumbnail\" alt=\"\" \/><\/a>\n\t\t\t<\/dt><\/dl><dl class='gallery-item'>\n\t\t\t<dt class='gallery-icon portrait'>\n\t\t\t\t<a href='https:\/\/marchelover.com\/wp-content\/uploads\/2014\/11\/34.jpg'><img loading=\"lazy\" decoding=\"async\" width=\"150\" height=\"150\" src=\"https:\/\/marchelover.com\/wp-content\/uploads\/2014\/11\/34-150x150.jpg\" class=\"attachment-thumbnail size-thumbnail\" alt=\"\" \/><\/a>\n\t\t\t<\/dt><\/dl><dl class='gallery-item'>\n\t\t\t<dt class='gallery-icon landscape'>\n\t\t\t\t<a href='https:\/\/marchelover.com\/wp-content\/uploads\/2014\/11\/35.jpg'><img loading=\"lazy\" decoding=\"async\" width=\"150\" height=\"150\" src=\"https:\/\/marchelover.com\/wp-content\/uploads\/2014\/11\/35-150x150.jpg\" class=\"attachment-thumbnail size-thumbnail\" alt=\"\" \/><\/a>\n\t\t\t<\/dt><\/dl><br style=\"clear: both\" \/><dl class='gallery-item'>\n\t\t\t<dt class='gallery-icon portrait'>\n\t\t\t\t<a href='https:\/\/marchelover.com\/wp-content\/uploads\/2014\/11\/36.jpg'><img loading=\"lazy\" decoding=\"async\" width=\"150\" height=\"150\" src=\"https:\/\/marchelover.com\/wp-content\/uploads\/2014\/11\/36-150x150.jpg\" class=\"attachment-thumbnail size-thumbnail\" alt=\"\" \/><\/a>\n\t\t\t<\/dt><\/dl><dl class='gallery-item'>\n\t\t\t<dt class='gallery-icon landscape'>\n\t\t\t\t<a href='https:\/\/marchelover.com\/wp-content\/uploads\/2014\/11\/37.jpg'><img loading=\"lazy\" decoding=\"async\" width=\"150\" height=\"150\" src=\"https:\/\/marchelover.com\/wp-content\/uploads\/2014\/11\/37-150x150.jpg\" class=\"attachment-thumbnail size-thumbnail\" alt=\"\" \/><\/a>\n\t\t\t<\/dt><\/dl><dl class='gallery-item'>\n\t\t\t<dt class='gallery-icon landscape'>\n\t\t\t\t<a href='https:\/\/marchelover.com\/wp-content\/uploads\/2014\/11\/38.jpg'><img loading=\"lazy\" decoding=\"async\" width=\"150\" height=\"150\" src=\"https:\/\/marchelover.com\/wp-content\/uploads\/2014\/11\/38-150x150.jpg\" class=\"attachment-thumbnail size-thumbnail\" alt=\"\" \/><\/a>\n\t\t\t<\/dt><\/dl><dl class='gallery-item'>\n\t\t\t<dt class='gallery-icon landscape'>\n\t\t\t\t<a href='https:\/\/marchelover.com\/wp-content\/uploads\/2014\/11\/39.jpg'><img loading=\"lazy\" decoding=\"async\" width=\"150\" height=\"150\" src=\"https:\/\/marchelover.com\/wp-content\/uploads\/2014\/11\/39-150x150.jpg\" class=\"attachment-thumbnail size-thumbnail\" alt=\"\" \/><\/a>\n\t\t\t<\/dt><\/dl><dl class='gallery-item'>\n\t\t\t<dt class='gallery-icon landscape'>\n\t\t\t\t<a href='https:\/\/marchelover.com\/wp-content\/uploads\/2014\/11\/40.jpg'><img loading=\"lazy\" decoding=\"async\" width=\"150\" height=\"150\" src=\"https:\/\/marchelover.com\/wp-content\/uploads\/2014\/11\/40-150x150.jpg\" class=\"attachment-thumbnail size-thumbnail\" alt=\"\" \/><\/a>\n\t\t\t<\/dt><\/dl><dl class='gallery-item'>\n\t\t\t<dt class='gallery-icon portrait'>\n\t\t\t\t<a href='https:\/\/marchelover.com\/wp-content\/uploads\/2014\/11\/41.jpg'><img loading=\"lazy\" decoding=\"async\" width=\"150\" height=\"150\" src=\"https:\/\/marchelover.com\/wp-content\/uploads\/2014\/11\/41-150x150.jpg\" class=\"attachment-thumbnail size-thumbnail\" alt=\"\" \/><\/a>\n\t\t\t<\/dt><\/dl><dl class='gallery-item'>\n\t\t\t<dt class='gallery-icon portrait'>\n\t\t\t\t<a href='https:\/\/marchelover.com\/wp-content\/uploads\/2014\/11\/42.jpg'><img loading=\"lazy\" decoding=\"async\" width=\"150\" height=\"150\" src=\"https:\/\/marchelover.com\/wp-content\/uploads\/2014\/11\/42-150x150.jpg\" class=\"attachment-thumbnail size-thumbnail\" alt=\"\" \/><\/a>\n\t\t\t<\/dt><\/dl><br style=\"clear: both\" \/><dl class='gallery-item'>\n\t\t\t<dt class='gallery-icon portrait'>\n\t\t\t\t<a href='https:\/\/marchelover.com\/wp-content\/uploads\/2014\/11\/43.jpg'><img loading=\"lazy\" decoding=\"async\" width=\"150\" height=\"150\" src=\"https:\/\/marchelover.com\/wp-content\/uploads\/2014\/11\/43-150x150.jpg\" class=\"attachment-thumbnail size-thumbnail\" alt=\"\" \/><\/a>\n\t\t\t<\/dt><\/dl><dl class='gallery-item'>\n\t\t\t<dt class='gallery-icon landscape'>\n\t\t\t\t<a href='https:\/\/marchelover.com\/wp-content\/uploads\/2014\/11\/44.jpg'><img loading=\"lazy\" decoding=\"async\" width=\"150\" height=\"150\" src=\"https:\/\/marchelover.com\/wp-content\/uploads\/2014\/11\/44-150x150.jpg\" class=\"attachment-thumbnail size-thumbnail\" alt=\"\" \/><\/a>\n\t\t\t<\/dt><\/dl><dl class='gallery-item'>\n\t\t\t<dt class='gallery-icon portrait'>\n\t\t\t\t<a href='https:\/\/marchelover.com\/wp-content\/uploads\/2014\/11\/45.jpg'><img loading=\"lazy\" decoding=\"async\" width=\"150\" height=\"150\" src=\"https:\/\/marchelover.com\/wp-content\/uploads\/2014\/11\/45-150x150.jpg\" class=\"attachment-thumbnail size-thumbnail\" alt=\"\" \/><\/a>\n\t\t\t<\/dt><\/dl><dl class='gallery-item'>\n\t\t\t<dt class='gallery-icon portrait'>\n\t\t\t\t<a href='https:\/\/marchelover.com\/wp-content\/uploads\/2014\/11\/46.jpg'><img loading=\"lazy\" decoding=\"async\" width=\"150\" height=\"150\" src=\"https:\/\/marchelover.com\/wp-content\/uploads\/2014\/11\/46-150x150.jpg\" class=\"attachment-thumbnail size-thumbnail\" alt=\"\" \/><\/a>\n\t\t\t<\/dt><\/dl><dl class='gallery-item'>\n\t\t\t<dt class='gallery-icon portrait'>\n\t\t\t\t<a href='https:\/\/marchelover.com\/wp-content\/uploads\/2014\/11\/47.jpg'><img loading=\"lazy\" decoding=\"async\" width=\"150\" height=\"150\" src=\"https:\/\/marchelover.com\/wp-content\/uploads\/2014\/11\/47-150x150.jpg\" class=\"attachment-thumbnail size-thumbnail\" alt=\"\" \/><\/a>\n\t\t\t<\/dt><\/dl><dl class='gallery-item'>\n\t\t\t<dt class='gallery-icon portrait'>\n\t\t\t\t<a href='https:\/\/marchelover.com\/wp-content\/uploads\/2014\/11\/48.jpg'><img loading=\"lazy\" decoding=\"async\" width=\"150\" height=\"150\" src=\"https:\/\/marchelover.com\/wp-content\/uploads\/2014\/11\/48-150x150.jpg\" class=\"attachment-thumbnail size-thumbnail\" alt=\"\" \/><\/a>\n\t\t\t<\/dt><\/dl>\n\t\t\t<br style='clear: both' \/>\n\t\t<\/div>\n\n","protected":false},"excerpt":{"rendered":"<p>Tajwan \u017byj\u0105c w Tokio od lipca 2014 roku postanowi\u0142em wybra\u0107 si\u0119 na weekend na Tajwan do Tajpej. Tajwan to wyspa na Oceanie Spokojnym, oddzielona od Chin Cie\u015bnin\u0105 Tajwa\u0144sk\u0105. Po kilkugodzinnym locie samolotem by\u0142em ju\u017c na miejscu. Pierwsze moje wra\u017cenie, kiedy jecha\u0142em z lotniska autobusem do hotelu, by\u0142o takie, \u017ce jestem &hellip; <\/p>\n","protected":false},"author":1,"featured_media":0,"parent":0,"menu_order":15,"comment_status":"open","ping_status":"open","template":"","meta":{"footnotes":""},"_links":{"self":[{"href":"https:\/\/marchelover.com\/pl\/wp-json\/wp\/v2\/pages\/685"}],"collection":[{"href":"https:\/\/marchelover.com\/pl\/wp-json\/wp\/v2\/pages"}],"about":[{"href":"https:\/\/marchelover.com\/pl\/wp-json\/wp\/v2\/types\/page"}],"author":[{"embeddable":true,"href":"https:\/\/marchelover.com\/pl\/wp-json\/wp\/v2\/users\/1"}],"replies":[{"embeddable":true,"href":"https:\/\/marchelover.com\/pl\/wp-json\/wp\/v2\/comments?post=685"}],"version-history":[{"count":10,"href":"https:\/\/marchelover.com\/pl\/wp-json\/wp\/v2\/pages\/685\/revisions"}],"predecessor-version":[{"id":691,"href":"https:\/\/marchelover.com\/pl\/wp-json\/wp\/v2\/pages\/685\/revisions\/691"}],"wp:attachment":[{"href":"https:\/\/marchelover.com\/pl\/wp-json\/wp\/v2\/media?parent=685"}],"curies":[{"name":"wp","href":"https:\/\/api.w.org\/{rel}","templated":true}]}}