{"id":35,"date":"2014-06-02T14:34:35","date_gmt":"2014-06-02T14:34:35","guid":{"rendered":"http:\/\/marchelover.com\/?page_id=35"},"modified":"2014-06-23T07:36:45","modified_gmt":"2014-06-23T07:36:45","slug":"travel-the-world","status":"publish","type":"page","link":"https:\/\/marchelover.com\/pl\/travel-the-world","title":{"rendered":"Podr\u00f3\u017c Po \u015awiecie"},"content":{"rendered":"<div class=\"row\">\n<div class=\"col-md-6\">\n<h3><a href=\"http:\/\/marchelover.com\/pl\/paris-2012\">Pary\u017c 2012<\/a><\/h3>\n<a href=\"http:\/\/marchelover.com\/pl\/paris-2012\"><img loading=\"lazy\" decoding=\"async\" class=\"aligncenter size-full wp-image-360\" src=\"http:\/\/marchelover.com\/wp-content\/uploads\/2014\/06\/paryz.jpg\" alt=\"paryz\" width=\"300\" height=\"200\" srcset=\"https:\/\/marchelover.com\/wp-content\/uploads\/2014\/06\/paryz.jpg 300w, https:\/\/marchelover.com\/wp-content\/uploads\/2014\/06\/paryz-200x133.jpg 200w\" sizes=\"(max-width: 300px) 100vw, 300px\" \/><\/a><\/p>\n<\/div><div class=\"col-md-6\">\n<h3><a href=\"http:\/\/marchelover.com\/pl\/japan-2013\">Japonia 2013<\/a><\/h3>\n<a href=\"http:\/\/marchelover.com\/pl\/japan-2013\"><img loading=\"lazy\" decoding=\"async\" class=\"aligncenter size-full wp-image-361\" src=\"http:\/\/marchelover.com\/wp-content\/uploads\/2014\/06\/japonia.jpg\" alt=\"japonia\" width=\"300\" height=\"200\" srcset=\"https:\/\/marchelover.com\/wp-content\/uploads\/2014\/06\/japonia.jpg 300w, https:\/\/marchelover.com\/wp-content\/uploads\/2014\/06\/japonia-200x133.jpg 200w\" sizes=\"(max-width: 300px) 100vw, 300px\" \/><\/a><\/p>\n<\/div>\n<\/div>\n<div class=\"row\">\n<div class=\"col-md-6\">\n<h3><a href=\"http:\/\/marchelover.com\/pl\/vienna-2013\">Wiede\u0144 2013<\/a><\/h3>\n<a href=\"http:\/\/marchelover.com\/pl\/vienna-2013\"><img loading=\"lazy\" decoding=\"async\" class=\"aligncenter size-full wp-image-362\" src=\"http:\/\/marchelover.com\/wp-content\/uploads\/2014\/06\/wieden.jpg\" alt=\"wieden\" width=\"300\" height=\"200\" srcset=\"https:\/\/marchelover.com\/wp-content\/uploads\/2014\/06\/wieden.jpg 300w, https:\/\/marchelover.com\/wp-content\/uploads\/2014\/06\/wieden-200x133.jpg 200w\" sizes=\"(max-width: 300px) 100vw, 300px\" \/><\/a><\/p>\n<\/div><div class=\"col-md-6\">\n<h3><a href=\"http:\/\/marchelover.com\/pl\/thailand-2012\">Tajlandia 2014<\/a><\/h3>\n<a href=\"http:\/\/marchelover.com\/pl\/thailand-2012\"><img loading=\"lazy\" decoding=\"async\" class=\"aligncenter size-full wp-image-363\" src=\"http:\/\/marchelover.com\/wp-content\/uploads\/2014\/06\/tajlandia.jpg\" alt=\"tajlandia\" width=\"300\" height=\"200\" srcset=\"https:\/\/marchelover.com\/wp-content\/uploads\/2014\/06\/tajlandia.jpg 300w, https:\/\/marchelover.com\/wp-content\/uploads\/2014\/06\/tajlandia-200x133.jpg 200w\" sizes=\"(max-width: 300px) 100vw, 300px\" \/><\/a><\/p>\n<\/div>\n<\/div>\n","protected":false},"excerpt":{"rendered":"","protected":false},"author":1,"featured_media":0,"parent":0,"menu_order":29,"comment_status":"open","ping_status":"open","template":"","meta":{"footnotes":""},"_links":{"self":[{"href":"https:\/\/marchelover.com\/pl\/wp-json\/wp\/v2\/pages\/35"}],"collection":[{"href":"https:\/\/marchelover.com\/pl\/wp-json\/wp\/v2\/pages"}],"about":[{"href":"https:\/\/marchelover.com\/pl\/wp-json\/wp\/v2\/types\/page"}],"author":[{"embeddable":true,"href":"https:\/\/marchelover.com\/pl\/wp-json\/wp\/v2\/users\/1"}],"replies":[{"embeddable":true,"href":"https:\/\/marchelover.com\/pl\/wp-json\/wp\/v2\/comments?post=35"}],"version-history":[{"count":14,"href":"https:\/\/marchelover.com\/pl\/wp-json\/wp\/v2\/pages\/35\/revisions"}],"predecessor-version":[{"id":379,"href":"https:\/\/marchelover.com\/pl\/wp-json\/wp\/v2\/pages\/35\/revisions\/379"}],"wp:attachment":[{"href":"https:\/\/marchelover.com\/pl\/wp-json\/wp\/v2\/media?parent=35"}],"curies":[{"name":"wp","href":"https:\/\/api.w.org\/{rel}","templated":true}]}}