{"id":2380,"date":"2024-04-17T08:52:07","date_gmt":"2024-04-17T08:52:07","guid":{"rendered":"http:\/\/marchelover.com\/?page_id=2380"},"modified":"2024-04-19T07:35:41","modified_gmt":"2024-04-19T07:35:41","slug":"milan","status":"publish","type":"page","link":"https:\/\/marchelover.com\/pl\/milan","title":{"rendered":"Mediolan 2024"},"content":{"rendered":"<p>Kolejna cz\u0119\u015b\u0107 W\u0142och zaliczona. To jeden z moich ulubionych kraj\u00f3w, kt\u00f3ry za ka\u017cdym razem ma co\u015b nowego i niezwyk\u0142ego do zaoferowania. Mediolan powita\u0142 nas ch\u0142odem i deszczem, ale na szcz\u0119\u015bcie kolejnego dnia zawita\u0142o s\u0142o\u0144ce. Zwiedzanie rozpocz\u0119li\u015bmy od spaceru po centrum miasta w kierunku Placu Katedralnego gdzie znajduje si\u0119 jedna z najbardziej znanych budowli na \u015bwiecie. Katedra w Mediolanie to bez w\u0105tpienia budynek, kt\u00f3ry ka\u017cdy turysta przybywaj\u0105cy do miasta musi zobaczy\u0107. Uznawana jest za jeden z najwi\u0119kszych ko\u015bcio\u0142\u00f3w na \u015bwiecie, jej d\u0142ugo\u015b\u0107 to 157 metry a szeroko\u015b\u0107 to 93 metry. Obok znajduje si\u0119 s\u0142ynna Galeria Wiktora Emanuela II, kt\u00f3ra zosta\u0142a otwarta w 1877 roku. Jest najstarsz\u0105 i ca\u0142y czas czynn\u0105 galeri\u0105 handlow\u0105 we W\u0142oszech. Galeria nosi imi\u0119 pierwszego kr\u00f3la Kr\u00f3lestwa W\u0142och. Bogato zdobione wn\u0119trza, rze\u017aby, marmury, freski na \u015bcianach i szklany dach zapieraj\u0105 dech w piersiach od samego wej\u015bcia. To cztery pi\u0119tra pe\u0142ne niezwyk\u0142ego przepychu i bogactwa. To tutaj swoje siedziby maj\u0105 wielcy kreatorzy w\u0142oskiej i \u015bwiatowej mody. Nie bez powodu Mediolan uznawany jest za \u015bwiatow\u0105 stolice mody.<\/p>\n<p\/>\n<p>Kolejnego dnia pojechali\u015bmy poci\u0105giem do Como. To urokliwe miasteczko nad jeziorem o tej samej nazwie. Tego dnia by\u0142o bardzo ciep\u0142o, tak\u017ce poczuli\u015bmy wakacyjny klimat. Na pocz\u0105tek wybrali\u015bmy si\u0119 na zwiedzanie starego miasta w kierunku Katedry, podziwiaj\u0105c tradycyjn\u0105 w\u0142osk\u0105 architektur\u0119. Okolica jeziora Como to jedno z najbardziej malowniczych miejsc w ca\u0142ych W\u0142oszech. Ca\u0142a powierzchnia jeziora ma kszta\u0142t odwr\u00f3conej litery Y. Jest to \u015bwietne miejsce na ucieczk\u0119 od gwaru miejskiego gdzie w ciszy mo\u017cna podziwia\u0107 prawdziwe pi\u0119kno natury. Ostatniego dnia zwiedzali\u015bmy ceglany Zamek Sforz\u00f3w, po\u0142o\u017cony w centrum Mediolanu. Zbudowany w po\u0142owie XV wieku, z dziedzi\u0144cem w \u015brodku i otoczony murem. Zamek znajduje si\u0119 na terenie Parku Sempione z imponuj\u0105cym \u0142ukiem triumfalnym.<\/p>\n<p>&nbsp;<\/p>\n\n\t\t<style type=\"text\/css\">\n\t\t\t#gallery-1 {\n\t\t\t\tmargin: auto;\n\t\t\t}\n\t\t\t#gallery-1 .gallery-item {\n\t\t\t\tfloat: left;\n\t\t\t\tmargin-top: 10px;\n\t\t\t\ttext-align: center;\n\t\t\t\twidth: 14%;\n\t\t\t}\n\t\t\t#gallery-1 img {\n\t\t\t\tborder: 2px solid #cfcfcf;\n\t\t\t}\n\t\t\t#gallery-1 .gallery-caption {\n\t\t\t\tmargin-left: 0;\n\t\t\t}\n\t\t\t\/* see gallery_shortcode() in wp-includes\/media.php *\/\n\t\t<\/style>\n\t\t<div id='gallery-1' class='gallery galleryid-2380 gallery-columns-7 gallery-size-thumbnail'><dl class='gallery-item'>\n\t\t\t<dt class='gallery-icon portrait'>\n\t\t\t\t<a href='https:\/\/marchelover.com\/wp-content\/uploads\/2024\/04\/1.jpg'><img loading=\"lazy\" decoding=\"async\" width=\"150\" height=\"150\" src=\"https:\/\/marchelover.com\/wp-content\/uploads\/2024\/04\/1-150x150.jpg\" class=\"attachment-thumbnail size-thumbnail\" alt=\"\" \/><\/a>\n\t\t\t<\/dt><\/dl><dl class='gallery-item'>\n\t\t\t<dt class='gallery-icon portrait'>\n\t\t\t\t<a href='https:\/\/marchelover.com\/wp-content\/uploads\/2024\/04\/2.jpg'><img loading=\"lazy\" decoding=\"async\" width=\"150\" height=\"150\" src=\"https:\/\/marchelover.com\/wp-content\/uploads\/2024\/04\/2-150x150.jpg\" class=\"attachment-thumbnail size-thumbnail\" alt=\"\" \/><\/a>\n\t\t\t<\/dt><\/dl><dl class='gallery-item'>\n\t\t\t<dt class='gallery-icon portrait'>\n\t\t\t\t<a href='https:\/\/marchelover.com\/wp-content\/uploads\/2024\/04\/3.jpg'><img loading=\"lazy\" decoding=\"async\" width=\"150\" height=\"150\" src=\"https:\/\/marchelover.com\/wp-content\/uploads\/2024\/04\/3-150x150.jpg\" class=\"attachment-thumbnail size-thumbnail\" alt=\"\" \/><\/a>\n\t\t\t<\/dt><\/dl><dl class='gallery-item'>\n\t\t\t<dt class='gallery-icon portrait'>\n\t\t\t\t<a href='https:\/\/marchelover.com\/wp-content\/uploads\/2024\/04\/4.jpg'><img loading=\"lazy\" decoding=\"async\" width=\"150\" height=\"150\" src=\"https:\/\/marchelover.com\/wp-content\/uploads\/2024\/04\/4-150x150.jpg\" class=\"attachment-thumbnail size-thumbnail\" alt=\"\" \/><\/a>\n\t\t\t<\/dt><\/dl><dl class='gallery-item'>\n\t\t\t<dt class='gallery-icon portrait'>\n\t\t\t\t<a href='https:\/\/marchelover.com\/wp-content\/uploads\/2024\/04\/5.jpg'><img loading=\"lazy\" decoding=\"async\" width=\"150\" height=\"150\" src=\"https:\/\/marchelover.com\/wp-content\/uploads\/2024\/04\/5-150x150.jpg\" class=\"attachment-thumbnail size-thumbnail\" alt=\"\" \/><\/a>\n\t\t\t<\/dt><\/dl><dl class='gallery-item'>\n\t\t\t<dt class='gallery-icon portrait'>\n\t\t\t\t<a href='https:\/\/marchelover.com\/wp-content\/uploads\/2024\/04\/6.jpg'><img loading=\"lazy\" decoding=\"async\" width=\"150\" height=\"150\" src=\"https:\/\/marchelover.com\/wp-content\/uploads\/2024\/04\/6-150x150.jpg\" class=\"attachment-thumbnail size-thumbnail\" alt=\"\" \/><\/a>\n\t\t\t<\/dt><\/dl><dl class='gallery-item'>\n\t\t\t<dt class='gallery-icon portrait'>\n\t\t\t\t<a href='https:\/\/marchelover.com\/wp-content\/uploads\/2024\/04\/7.jpg'><img loading=\"lazy\" decoding=\"async\" width=\"150\" height=\"150\" src=\"https:\/\/marchelover.com\/wp-content\/uploads\/2024\/04\/7-150x150.jpg\" class=\"attachment-thumbnail size-thumbnail\" alt=\"\" \/><\/a>\n\t\t\t<\/dt><\/dl><br style=\"clear: both\" \/><dl class='gallery-item'>\n\t\t\t<dt class='gallery-icon portrait'>\n\t\t\t\t<a href='https:\/\/marchelover.com\/wp-content\/uploads\/2024\/04\/8.jpg'><img loading=\"lazy\" decoding=\"async\" width=\"150\" height=\"150\" src=\"https:\/\/marchelover.com\/wp-content\/uploads\/2024\/04\/8-150x150.jpg\" class=\"attachment-thumbnail size-thumbnail\" alt=\"\" \/><\/a>\n\t\t\t<\/dt><\/dl><dl class='gallery-item'>\n\t\t\t<dt class='gallery-icon portrait'>\n\t\t\t\t<a href='https:\/\/marchelover.com\/wp-content\/uploads\/2024\/04\/9.jpg'><img loading=\"lazy\" decoding=\"async\" width=\"150\" height=\"150\" src=\"https:\/\/marchelover.com\/wp-content\/uploads\/2024\/04\/9-150x150.jpg\" class=\"attachment-thumbnail size-thumbnail\" alt=\"\" \/><\/a>\n\t\t\t<\/dt><\/dl><dl class='gallery-item'>\n\t\t\t<dt class='gallery-icon portrait'>\n\t\t\t\t<a href='https:\/\/marchelover.com\/wp-content\/uploads\/2024\/04\/10.jpg'><img loading=\"lazy\" decoding=\"async\" width=\"150\" height=\"150\" src=\"https:\/\/marchelover.com\/wp-content\/uploads\/2024\/04\/10-150x150.jpg\" class=\"attachment-thumbnail size-thumbnail\" alt=\"\" \/><\/a>\n\t\t\t<\/dt><\/dl><dl class='gallery-item'>\n\t\t\t<dt class='gallery-icon portrait'>\n\t\t\t\t<a href='https:\/\/marchelover.com\/wp-content\/uploads\/2024\/04\/11.jpg'><img loading=\"lazy\" decoding=\"async\" width=\"150\" height=\"150\" src=\"https:\/\/marchelover.com\/wp-content\/uploads\/2024\/04\/11-150x150.jpg\" class=\"attachment-thumbnail size-thumbnail\" alt=\"\" \/><\/a>\n\t\t\t<\/dt><\/dl><dl class='gallery-item'>\n\t\t\t<dt class='gallery-icon portrait'>\n\t\t\t\t<a href='https:\/\/marchelover.com\/wp-content\/uploads\/2024\/04\/12.jpg'><img loading=\"lazy\" decoding=\"async\" width=\"150\" height=\"150\" src=\"https:\/\/marchelover.com\/wp-content\/uploads\/2024\/04\/12-150x150.jpg\" class=\"attachment-thumbnail size-thumbnail\" alt=\"\" \/><\/a>\n\t\t\t<\/dt><\/dl><dl class='gallery-item'>\n\t\t\t<dt class='gallery-icon portrait'>\n\t\t\t\t<a href='https:\/\/marchelover.com\/wp-content\/uploads\/2024\/04\/13-scaled.jpg'><img loading=\"lazy\" decoding=\"async\" width=\"150\" height=\"150\" src=\"https:\/\/marchelover.com\/wp-content\/uploads\/2024\/04\/13-150x150.jpg\" class=\"attachment-thumbnail size-thumbnail\" alt=\"\" \/><\/a>\n\t\t\t<\/dt><\/dl><dl class='gallery-item'>\n\t\t\t<dt class='gallery-icon portrait'>\n\t\t\t\t<a href='https:\/\/marchelover.com\/wp-content\/uploads\/2024\/04\/14.jpg'><img loading=\"lazy\" decoding=\"async\" width=\"150\" height=\"150\" src=\"https:\/\/marchelover.com\/wp-content\/uploads\/2024\/04\/14-150x150.jpg\" class=\"attachment-thumbnail size-thumbnail\" alt=\"\" \/><\/a>\n\t\t\t<\/dt><\/dl><br style=\"clear: both\" \/><dl class='gallery-item'>\n\t\t\t<dt class='gallery-icon portrait'>\n\t\t\t\t<a href='https:\/\/marchelover.com\/wp-content\/uploads\/2024\/04\/15.jpg'><img loading=\"lazy\" decoding=\"async\" width=\"150\" height=\"150\" src=\"https:\/\/marchelover.com\/wp-content\/uploads\/2024\/04\/15-150x150.jpg\" class=\"attachment-thumbnail size-thumbnail\" alt=\"\" \/><\/a>\n\t\t\t<\/dt><\/dl><dl class='gallery-item'>\n\t\t\t<dt class='gallery-icon portrait'>\n\t\t\t\t<a href='https:\/\/marchelover.com\/wp-content\/uploads\/2024\/04\/16.jpg'><img loading=\"lazy\" decoding=\"async\" width=\"150\" height=\"150\" src=\"https:\/\/marchelover.com\/wp-content\/uploads\/2024\/04\/16-150x150.jpg\" class=\"attachment-thumbnail size-thumbnail\" alt=\"\" \/><\/a>\n\t\t\t<\/dt><\/dl><dl class='gallery-item'>\n\t\t\t<dt class='gallery-icon portrait'>\n\t\t\t\t<a href='https:\/\/marchelover.com\/wp-content\/uploads\/2024\/04\/17.jpg'><img loading=\"lazy\" decoding=\"async\" width=\"150\" height=\"150\" src=\"https:\/\/marchelover.com\/wp-content\/uploads\/2024\/04\/17-150x150.jpg\" class=\"attachment-thumbnail size-thumbnail\" alt=\"\" \/><\/a>\n\t\t\t<\/dt><\/dl><dl class='gallery-item'>\n\t\t\t<dt class='gallery-icon portrait'>\n\t\t\t\t<a href='https:\/\/marchelover.com\/wp-content\/uploads\/2024\/04\/18.jpg'><img loading=\"lazy\" decoding=\"async\" width=\"150\" height=\"150\" src=\"https:\/\/marchelover.com\/wp-content\/uploads\/2024\/04\/18-150x150.jpg\" class=\"attachment-thumbnail size-thumbnail\" alt=\"\" \/><\/a>\n\t\t\t<\/dt><\/dl><dl class='gallery-item'>\n\t\t\t<dt class='gallery-icon portrait'>\n\t\t\t\t<a href='https:\/\/marchelover.com\/wp-content\/uploads\/2024\/04\/19.jpg'><img loading=\"lazy\" decoding=\"async\" width=\"150\" height=\"150\" src=\"https:\/\/marchelover.com\/wp-content\/uploads\/2024\/04\/19-150x150.jpg\" class=\"attachment-thumbnail size-thumbnail\" alt=\"\" \/><\/a>\n\t\t\t<\/dt><\/dl><dl class='gallery-item'>\n\t\t\t<dt class='gallery-icon portrait'>\n\t\t\t\t<a href='https:\/\/marchelover.com\/wp-content\/uploads\/2024\/04\/20.jpg'><img loading=\"lazy\" decoding=\"async\" width=\"150\" height=\"150\" src=\"https:\/\/marchelover.com\/wp-content\/uploads\/2024\/04\/20-150x150.jpg\" class=\"attachment-thumbnail size-thumbnail\" alt=\"\" \/><\/a>\n\t\t\t<\/dt><\/dl><dl class='gallery-item'>\n\t\t\t<dt class='gallery-icon portrait'>\n\t\t\t\t<a href='https:\/\/marchelover.com\/wp-content\/uploads\/2024\/04\/21.jpg'><img loading=\"lazy\" decoding=\"async\" width=\"150\" height=\"150\" src=\"https:\/\/marchelover.com\/wp-content\/uploads\/2024\/04\/21-150x150.jpg\" class=\"attachment-thumbnail size-thumbnail\" alt=\"\" \/><\/a>\n\t\t\t<\/dt><\/dl><br style=\"clear: both\" \/><dl class='gallery-item'>\n\t\t\t<dt class='gallery-icon portrait'>\n\t\t\t\t<a href='https:\/\/marchelover.com\/wp-content\/uploads\/2024\/04\/22.jpg'><img loading=\"lazy\" decoding=\"async\" width=\"150\" height=\"150\" src=\"https:\/\/marchelover.com\/wp-content\/uploads\/2024\/04\/22-150x150.jpg\" class=\"attachment-thumbnail size-thumbnail\" alt=\"\" \/><\/a>\n\t\t\t<\/dt><\/dl><dl class='gallery-item'>\n\t\t\t<dt class='gallery-icon portrait'>\n\t\t\t\t<a href='https:\/\/marchelover.com\/wp-content\/uploads\/2024\/04\/23.jpg'><img loading=\"lazy\" decoding=\"async\" width=\"150\" height=\"150\" src=\"https:\/\/marchelover.com\/wp-content\/uploads\/2024\/04\/23-150x150.jpg\" class=\"attachment-thumbnail size-thumbnail\" alt=\"\" \/><\/a>\n\t\t\t<\/dt><\/dl><dl class='gallery-item'>\n\t\t\t<dt class='gallery-icon portrait'>\n\t\t\t\t<a href='https:\/\/marchelover.com\/wp-content\/uploads\/2024\/04\/24.jpg'><img loading=\"lazy\" decoding=\"async\" width=\"150\" height=\"150\" src=\"https:\/\/marchelover.com\/wp-content\/uploads\/2024\/04\/24-150x150.jpg\" class=\"attachment-thumbnail size-thumbnail\" alt=\"\" \/><\/a>\n\t\t\t<\/dt><\/dl><dl class='gallery-item'>\n\t\t\t<dt class='gallery-icon portrait'>\n\t\t\t\t<a href='https:\/\/marchelover.com\/wp-content\/uploads\/2024\/04\/25.jpg'><img loading=\"lazy\" decoding=\"async\" width=\"150\" height=\"150\" src=\"https:\/\/marchelover.com\/wp-content\/uploads\/2024\/04\/25-150x150.jpg\" class=\"attachment-thumbnail size-thumbnail\" alt=\"\" \/><\/a>\n\t\t\t<\/dt><\/dl><dl class='gallery-item'>\n\t\t\t<dt class='gallery-icon portrait'>\n\t\t\t\t<a href='https:\/\/marchelover.com\/wp-content\/uploads\/2024\/04\/26.jpg'><img loading=\"lazy\" decoding=\"async\" width=\"150\" height=\"150\" src=\"https:\/\/marchelover.com\/wp-content\/uploads\/2024\/04\/26-150x150.jpg\" class=\"attachment-thumbnail size-thumbnail\" alt=\"\" \/><\/a>\n\t\t\t<\/dt><\/dl><dl class='gallery-item'>\n\t\t\t<dt class='gallery-icon portrait'>\n\t\t\t\t<a href='https:\/\/marchelover.com\/wp-content\/uploads\/2024\/04\/27.jpg'><img loading=\"lazy\" decoding=\"async\" width=\"150\" height=\"150\" src=\"https:\/\/marchelover.com\/wp-content\/uploads\/2024\/04\/27-150x150.jpg\" class=\"attachment-thumbnail size-thumbnail\" alt=\"\" \/><\/a>\n\t\t\t<\/dt><\/dl><dl class='gallery-item'>\n\t\t\t<dt class='gallery-icon portrait'>\n\t\t\t\t<a href='https:\/\/marchelover.com\/wp-content\/uploads\/2024\/04\/28.jpg'><img loading=\"lazy\" decoding=\"async\" width=\"150\" height=\"150\" src=\"https:\/\/marchelover.com\/wp-content\/uploads\/2024\/04\/28-150x150.jpg\" class=\"attachment-thumbnail size-thumbnail\" alt=\"\" \/><\/a>\n\t\t\t<\/dt><\/dl><br style=\"clear: both\" \/>\n\t\t<\/div>\n\n","protected":false},"excerpt":{"rendered":"<p>Kolejna cz\u0119\u015b\u0107 W\u0142och zaliczona. To jeden z moich ulubionych kraj\u00f3w, kt\u00f3ry za ka\u017cdym razem ma co\u015b nowego i niezwyk\u0142ego do zaoferowania. Mediolan powita\u0142 nas ch\u0142odem i deszczem, ale na szcz\u0119\u015bcie kolejnego dnia zawita\u0142o s\u0142o\u0144ce. Zwiedzanie rozpocz\u0119li\u015bmy od spaceru po centrum miasta w kierunku Placu Katedralnego gdzie znajduje si\u0119 jedna z &hellip; <\/p>\n","protected":false},"author":1,"featured_media":0,"parent":0,"menu_order":0,"comment_status":"closed","ping_status":"closed","template":"","meta":{"footnotes":""},"_links":{"self":[{"href":"https:\/\/marchelover.com\/pl\/wp-json\/wp\/v2\/pages\/2380"}],"collection":[{"href":"https:\/\/marchelover.com\/pl\/wp-json\/wp\/v2\/pages"}],"about":[{"href":"https:\/\/marchelover.com\/pl\/wp-json\/wp\/v2\/types\/page"}],"author":[{"embeddable":true,"href":"https:\/\/marchelover.com\/pl\/wp-json\/wp\/v2\/users\/1"}],"replies":[{"embeddable":true,"href":"https:\/\/marchelover.com\/pl\/wp-json\/wp\/v2\/comments?post=2380"}],"version-history":[{"count":6,"href":"https:\/\/marchelover.com\/pl\/wp-json\/wp\/v2\/pages\/2380\/revisions"}],"predecessor-version":[{"id":2427,"href":"https:\/\/marchelover.com\/pl\/wp-json\/wp\/v2\/pages\/2380\/revisions\/2427"}],"wp:attachment":[{"href":"https:\/\/marchelover.com\/pl\/wp-json\/wp\/v2\/media?parent=2380"}],"curies":[{"name":"wp","href":"https:\/\/api.w.org\/{rel}","templated":true}]}}