{"id":1363,"date":"2019-02-19T12:43:24","date_gmt":"2019-02-19T12:43:24","guid":{"rendered":"http:\/\/marchelover.com\/?page_id=1363"},"modified":"2019-02-28T20:40:24","modified_gmt":"2019-02-28T20:40:24","slug":"roma-2019","status":"publish","type":"page","link":"https:\/\/marchelover.com\/pl\/roma-2019","title":{"rendered":"Rzym 2019"},"content":{"rendered":"<h2>Rzym<\/h2>\n<p>Wko\u0144cu przyszed\u0142 czas na Rzym. Od staro\u017cytno\u015bci znany jest jako \u201ewieczne miasto\u201d, a tak\u017ce \u201estolica \u015bwiata\u201d. Do stolicy W\u0142och dotarli\u015bmy p\u00f3\u017anym popo\u0142udniem i od razu poszli\u015bmy na wieczorne zwiedzanie miasta. Na pierwszy plan Bazylika \u015aw. Piotra. Co dziwne uda\u0142o nam si\u0119 unikn\u0105\u0107 gigantycznych kolejek do wej\u015bcia. Bazylika \u015aw. Piotra zapiera dech w piersiach, jest olbrzymia, pi\u0119knie o\u015bwietlona i na bogato ozdobiona w marmury, z\u0142ota i dzie\u0142a sztuki. Ma\u0142ym rozczarowaniem okaza\u0142 si\u0119 Plac \u015aw. Piotra, kt\u00f3ry w telewizji wydaje si\u0119 by\u0107 du\u017co wi\u0119kszy. P\u00f3\u017anym wieczorem spacerowali\u015bmy wzd\u0142u\u017c rzeki Tyber podziwiaj\u0105c architektur\u0119 Rzymu i liczne mosty.<\/p>\n<p>Nast\u0119pnego dnia skupili\u015bmy si\u0119 na zwiedzaniu najwa\u017cniejszych zabytk\u00f3w Rzymu. Zamek \u015aw. Anio\u0142a i Fontanna di Trevi czyli najbardziej znana barokowa fontanna w Rzymie, oblegana codziennie przez tysi\u0105ce turyst\u00f3w. Panteon &#8211; \u015bwi\u0105tynia po\u015bwi\u0119cona wszystkim bogom \u015bwiata. Schody Hiszpa\u0144skie \u2013 najd\u0142u\u017csze i najszersze schody w Europie, gdzie cz\u0119sto odbywaj\u0105 si\u0119 pokazy mody. Niedaleko nich znajduje si\u0119 s\u0142ynna uliczka z markowymi sklepami w tym moim Chanel. Na koniec Plac Wenecki i Pomnik Wiktora Emanuela na koniu oraz Gr\u00f3b Nieznanego \u017bo\u0142nierza zawieraj\u0105cego prochy tych, kt\u00f3rzy w I wojnie \u015bwiatowej zgin\u0119li w obronie W\u0142och.<\/p>\n<p>Kolejny dzie\u0144 postawili\u015bmy na Muzeum Watyka\u0144skie. Wstali\u015bmy wcze\u015bnie rano, aby unikn\u0105\u0107 kolejek, ale i tak swoje musieli\u015bmy odsta\u0107. Muzeum Watyka\u0144skie robi wra\u017cenie poprzez okaza\u0142e kolekcje obraz\u00f3w, figur i rze\u017ab. Kolejny wa\u017cny punkt wycieczki to oczywi\u015bcie Kolosuem, kt\u00f3re ostatnio zosta\u0142o og\u0142oszone jednym z siedmiu nowych cud\u00f3w \u015bwiata. Co roku w Wielki Pi\u0105tek odbywaj\u0105 si\u0119 w nim drogi krzy\u017cowe pod przewodnictwem papie\u017ca.<\/p>\n<p>Rzym jest bardzo kompaktowym miastem, wsz\u0119dzie dotarli\u015bmy pieszo i ani razu nie gubi\u0105c si\u0119. Pyszna kuchnia w\u0142oska i niedroga. Pogoda jak na luty idealna. W\u0142osi bardzo mili i zawsze u\u015bmiechni\u0119ci. Czy wr\u00f3c\u0119 do Rzymu? Na pewno!<\/p>\n<p>&nbsp;<\/p>\n\n\t\t<style type=\"text\/css\">\n\t\t\t#gallery-1 {\n\t\t\t\tmargin: auto;\n\t\t\t}\n\t\t\t#gallery-1 .gallery-item {\n\t\t\t\tfloat: left;\n\t\t\t\tmargin-top: 10px;\n\t\t\t\ttext-align: center;\n\t\t\t\twidth: 14%;\n\t\t\t}\n\t\t\t#gallery-1 img {\n\t\t\t\tborder: 2px solid #cfcfcf;\n\t\t\t}\n\t\t\t#gallery-1 .gallery-caption {\n\t\t\t\tmargin-left: 0;\n\t\t\t}\n\t\t\t\/* see gallery_shortcode() in wp-includes\/media.php *\/\n\t\t<\/style>\n\t\t<div id='gallery-1' class='gallery galleryid-1363 gallery-columns-7 gallery-size-thumbnail'><dl class='gallery-item'>\n\t\t\t<dt class='gallery-icon landscape'>\n\t\t\t\t<a href='https:\/\/marchelover.com\/wp-content\/uploads\/2019\/02\/1.jpg'><img loading=\"lazy\" decoding=\"async\" width=\"150\" height=\"150\" src=\"https:\/\/marchelover.com\/wp-content\/uploads\/2019\/02\/1-150x150.jpg\" class=\"attachment-thumbnail size-thumbnail\" alt=\"\" srcset=\"https:\/\/marchelover.com\/wp-content\/uploads\/2019\/02\/1-150x150.jpg 150w, https:\/\/marchelover.com\/wp-content\/uploads\/2019\/02\/1-300x300.jpg 300w, https:\/\/marchelover.com\/wp-content\/uploads\/2019\/02\/1-768x768.jpg 768w, https:\/\/marchelover.com\/wp-content\/uploads\/2019\/02\/1-1024x1024.jpg 1024w, https:\/\/marchelover.com\/wp-content\/uploads\/2019\/02\/1-500x500.jpg 500w, https:\/\/marchelover.com\/wp-content\/uploads\/2019\/02\/1-480x480.jpg 480w, https:\/\/marchelover.com\/wp-content\/uploads\/2019\/02\/1-800x800.jpg 800w, https:\/\/marchelover.com\/wp-content\/uploads\/2019\/02\/1-1172x1172.jpg 1172w, https:\/\/marchelover.com\/wp-content\/uploads\/2019\/02\/1-1800x1800.jpg 1800w\" sizes=\"(max-width: 150px) 100vw, 150px\" \/><\/a>\n\t\t\t<\/dt><\/dl><dl class='gallery-item'>\n\t\t\t<dt class='gallery-icon landscape'>\n\t\t\t\t<a href='https:\/\/marchelover.com\/wp-content\/uploads\/2019\/02\/2.jpg'><img loading=\"lazy\" decoding=\"async\" width=\"150\" height=\"150\" src=\"https:\/\/marchelover.com\/wp-content\/uploads\/2019\/02\/2-150x150.jpg\" class=\"attachment-thumbnail size-thumbnail\" alt=\"\" \/><\/a>\n\t\t\t<\/dt><\/dl><dl class='gallery-item'>\n\t\t\t<dt class='gallery-icon portrait'>\n\t\t\t\t<a href='https:\/\/marchelover.com\/wp-content\/uploads\/2019\/02\/3.jpg'><img loading=\"lazy\" decoding=\"async\" width=\"150\" height=\"150\" src=\"https:\/\/marchelover.com\/wp-content\/uploads\/2019\/02\/3-150x150.jpg\" class=\"attachment-thumbnail size-thumbnail\" alt=\"\" \/><\/a>\n\t\t\t<\/dt><\/dl><dl class='gallery-item'>\n\t\t\t<dt class='gallery-icon portrait'>\n\t\t\t\t<a href='https:\/\/marchelover.com\/wp-content\/uploads\/2019\/02\/4.jpg'><img loading=\"lazy\" decoding=\"async\" width=\"150\" height=\"150\" src=\"https:\/\/marchelover.com\/wp-content\/uploads\/2019\/02\/4-150x150.jpg\" class=\"attachment-thumbnail size-thumbnail\" alt=\"\" \/><\/a>\n\t\t\t<\/dt><\/dl><dl class='gallery-item'>\n\t\t\t<dt class='gallery-icon landscape'>\n\t\t\t\t<a href='https:\/\/marchelover.com\/wp-content\/uploads\/2019\/02\/5.jpg'><img loading=\"lazy\" decoding=\"async\" width=\"150\" height=\"150\" src=\"https:\/\/marchelover.com\/wp-content\/uploads\/2019\/02\/5-150x150.jpg\" class=\"attachment-thumbnail size-thumbnail\" alt=\"\" \/><\/a>\n\t\t\t<\/dt><\/dl><dl class='gallery-item'>\n\t\t\t<dt class='gallery-icon landscape'>\n\t\t\t\t<a href='https:\/\/marchelover.com\/wp-content\/uploads\/2019\/02\/6.jpg'><img loading=\"lazy\" decoding=\"async\" width=\"150\" height=\"150\" src=\"https:\/\/marchelover.com\/wp-content\/uploads\/2019\/02\/6-150x150.jpg\" class=\"attachment-thumbnail size-thumbnail\" alt=\"\" \/><\/a>\n\t\t\t<\/dt><\/dl><dl class='gallery-item'>\n\t\t\t<dt class='gallery-icon landscape'>\n\t\t\t\t<a href='https:\/\/marchelover.com\/wp-content\/uploads\/2019\/02\/7.jpg'><img loading=\"lazy\" decoding=\"async\" width=\"150\" height=\"150\" src=\"https:\/\/marchelover.com\/wp-content\/uploads\/2019\/02\/7-150x150.jpg\" class=\"attachment-thumbnail size-thumbnail\" alt=\"\" \/><\/a>\n\t\t\t<\/dt><\/dl><br style=\"clear: both\" \/><dl class='gallery-item'>\n\t\t\t<dt class='gallery-icon landscape'>\n\t\t\t\t<a href='https:\/\/marchelover.com\/wp-content\/uploads\/2019\/02\/8.jpg'><img loading=\"lazy\" decoding=\"async\" width=\"150\" height=\"150\" src=\"https:\/\/marchelover.com\/wp-content\/uploads\/2019\/02\/8-150x150.jpg\" class=\"attachment-thumbnail size-thumbnail\" alt=\"\" \/><\/a>\n\t\t\t<\/dt><\/dl><dl class='gallery-item'>\n\t\t\t<dt class='gallery-icon landscape'>\n\t\t\t\t<a href='https:\/\/marchelover.com\/wp-content\/uploads\/2019\/02\/9.jpg'><img loading=\"lazy\" decoding=\"async\" width=\"150\" height=\"150\" src=\"https:\/\/marchelover.com\/wp-content\/uploads\/2019\/02\/9-150x150.jpg\" class=\"attachment-thumbnail size-thumbnail\" alt=\"\" \/><\/a>\n\t\t\t<\/dt><\/dl><dl class='gallery-item'>\n\t\t\t<dt class='gallery-icon landscape'>\n\t\t\t\t<a href='https:\/\/marchelover.com\/wp-content\/uploads\/2019\/02\/10.jpg'><img loading=\"lazy\" decoding=\"async\" width=\"150\" height=\"150\" src=\"https:\/\/marchelover.com\/wp-content\/uploads\/2019\/02\/10-150x150.jpg\" class=\"attachment-thumbnail size-thumbnail\" alt=\"\" \/><\/a>\n\t\t\t<\/dt><\/dl><dl class='gallery-item'>\n\t\t\t<dt class='gallery-icon portrait'>\n\t\t\t\t<a href='https:\/\/marchelover.com\/wp-content\/uploads\/2019\/02\/11.jpg'><img loading=\"lazy\" decoding=\"async\" width=\"150\" height=\"150\" src=\"https:\/\/marchelover.com\/wp-content\/uploads\/2019\/02\/11-150x150.jpg\" class=\"attachment-thumbnail size-thumbnail\" alt=\"\" srcset=\"https:\/\/marchelover.com\/wp-content\/uploads\/2019\/02\/11-150x150.jpg 150w, https:\/\/marchelover.com\/wp-content\/uploads\/2019\/02\/11-300x300.jpg 300w, https:\/\/marchelover.com\/wp-content\/uploads\/2019\/02\/11-768x768.jpg 768w, https:\/\/marchelover.com\/wp-content\/uploads\/2019\/02\/11-1024x1024.jpg 1024w, https:\/\/marchelover.com\/wp-content\/uploads\/2019\/02\/11-500x500.jpg 500w, https:\/\/marchelover.com\/wp-content\/uploads\/2019\/02\/11-480x480.jpg 480w, https:\/\/marchelover.com\/wp-content\/uploads\/2019\/02\/11-800x800.jpg 800w, https:\/\/marchelover.com\/wp-content\/uploads\/2019\/02\/11-1172x1173.jpg 1172w, https:\/\/marchelover.com\/wp-content\/uploads\/2019\/02\/11.jpg 1796w\" sizes=\"(max-width: 150px) 100vw, 150px\" \/><\/a>\n\t\t\t<\/dt><\/dl><dl class='gallery-item'>\n\t\t\t<dt class='gallery-icon landscape'>\n\t\t\t\t<a href='https:\/\/marchelover.com\/wp-content\/uploads\/2019\/02\/12.jpg'><img loading=\"lazy\" decoding=\"async\" width=\"150\" height=\"150\" src=\"https:\/\/marchelover.com\/wp-content\/uploads\/2019\/02\/12-150x150.jpg\" class=\"attachment-thumbnail size-thumbnail\" alt=\"\" \/><\/a>\n\t\t\t<\/dt><\/dl><dl class='gallery-item'>\n\t\t\t<dt class='gallery-icon landscape'>\n\t\t\t\t<a href='https:\/\/marchelover.com\/wp-content\/uploads\/2019\/02\/13.jpg'><img loading=\"lazy\" decoding=\"async\" width=\"150\" height=\"150\" src=\"https:\/\/marchelover.com\/wp-content\/uploads\/2019\/02\/13-150x150.jpg\" class=\"attachment-thumbnail size-thumbnail\" alt=\"\" srcset=\"https:\/\/marchelover.com\/wp-content\/uploads\/2019\/02\/13-150x150.jpg 150w, https:\/\/marchelover.com\/wp-content\/uploads\/2019\/02\/13-300x300.jpg 300w, https:\/\/marchelover.com\/wp-content\/uploads\/2019\/02\/13-768x768.jpg 768w, https:\/\/marchelover.com\/wp-content\/uploads\/2019\/02\/13-1024x1024.jpg 1024w, https:\/\/marchelover.com\/wp-content\/uploads\/2019\/02\/13-500x500.jpg 500w, https:\/\/marchelover.com\/wp-content\/uploads\/2019\/02\/13-480x480.jpg 480w, https:\/\/marchelover.com\/wp-content\/uploads\/2019\/02\/13-800x800.jpg 800w, https:\/\/marchelover.com\/wp-content\/uploads\/2019\/02\/13-1172x1172.jpg 1172w, https:\/\/marchelover.com\/wp-content\/uploads\/2019\/02\/13-1800x1800.jpg 1800w, https:\/\/marchelover.com\/wp-content\/uploads\/2019\/02\/13.jpg 2040w\" sizes=\"(max-width: 150px) 100vw, 150px\" \/><\/a>\n\t\t\t<\/dt><\/dl><dl class='gallery-item'>\n\t\t\t<dt class='gallery-icon landscape'>\n\t\t\t\t<a href='https:\/\/marchelover.com\/wp-content\/uploads\/2019\/02\/14.jpg'><img loading=\"lazy\" decoding=\"async\" width=\"150\" height=\"150\" src=\"https:\/\/marchelover.com\/wp-content\/uploads\/2019\/02\/14-150x150.jpg\" class=\"attachment-thumbnail size-thumbnail\" alt=\"\" \/><\/a>\n\t\t\t<\/dt><\/dl><br style=\"clear: both\" \/><dl class='gallery-item'>\n\t\t\t<dt class='gallery-icon portrait'>\n\t\t\t\t<a href='https:\/\/marchelover.com\/wp-content\/uploads\/2019\/02\/15.jpg'><img loading=\"lazy\" decoding=\"async\" width=\"150\" height=\"150\" src=\"https:\/\/marchelover.com\/wp-content\/uploads\/2019\/02\/15-150x150.jpg\" class=\"attachment-thumbnail size-thumbnail\" alt=\"\" \/><\/a>\n\t\t\t<\/dt><\/dl><dl class='gallery-item'>\n\t\t\t<dt class='gallery-icon portrait'>\n\t\t\t\t<a href='https:\/\/marchelover.com\/wp-content\/uploads\/2019\/02\/16.jpg'><img loading=\"lazy\" decoding=\"async\" width=\"150\" height=\"150\" src=\"https:\/\/marchelover.com\/wp-content\/uploads\/2019\/02\/16-150x150.jpg\" class=\"attachment-thumbnail size-thumbnail\" alt=\"\" \/><\/a>\n\t\t\t<\/dt><\/dl><dl class='gallery-item'>\n\t\t\t<dt class='gallery-icon landscape'>\n\t\t\t\t<a href='https:\/\/marchelover.com\/wp-content\/uploads\/2019\/02\/17.jpg'><img loading=\"lazy\" decoding=\"async\" width=\"150\" height=\"150\" src=\"https:\/\/marchelover.com\/wp-content\/uploads\/2019\/02\/17-150x150.jpg\" class=\"attachment-thumbnail size-thumbnail\" alt=\"\" \/><\/a>\n\t\t\t<\/dt><\/dl><dl class='gallery-item'>\n\t\t\t<dt class='gallery-icon landscape'>\n\t\t\t\t<a href='https:\/\/marchelover.com\/wp-content\/uploads\/2019\/02\/18.jpg'><img loading=\"lazy\" decoding=\"async\" width=\"150\" height=\"150\" src=\"https:\/\/marchelover.com\/wp-content\/uploads\/2019\/02\/18-150x150.jpg\" class=\"attachment-thumbnail size-thumbnail\" alt=\"\" \/><\/a>\n\t\t\t<\/dt><\/dl><dl class='gallery-item'>\n\t\t\t<dt class='gallery-icon landscape'>\n\t\t\t\t<a href='https:\/\/marchelover.com\/wp-content\/uploads\/2019\/02\/19.jpg'><img loading=\"lazy\" decoding=\"async\" width=\"150\" height=\"150\" src=\"https:\/\/marchelover.com\/wp-content\/uploads\/2019\/02\/19-150x150.jpg\" class=\"attachment-thumbnail size-thumbnail\" alt=\"\" \/><\/a>\n\t\t\t<\/dt><\/dl><dl class='gallery-item'>\n\t\t\t<dt class='gallery-icon portrait'>\n\t\t\t\t<a href='https:\/\/marchelover.com\/wp-content\/uploads\/2019\/02\/20.jpg'><img loading=\"lazy\" decoding=\"async\" width=\"150\" height=\"150\" src=\"https:\/\/marchelover.com\/wp-content\/uploads\/2019\/02\/20-150x150.jpg\" class=\"attachment-thumbnail size-thumbnail\" alt=\"\" \/><\/a>\n\t\t\t<\/dt><\/dl><dl class='gallery-item'>\n\t\t\t<dt class='gallery-icon landscape'>\n\t\t\t\t<a href='https:\/\/marchelover.com\/wp-content\/uploads\/2019\/02\/21.jpg'><img loading=\"lazy\" decoding=\"async\" width=\"150\" height=\"150\" src=\"https:\/\/marchelover.com\/wp-content\/uploads\/2019\/02\/21-150x150.jpg\" class=\"attachment-thumbnail size-thumbnail\" alt=\"\" \/><\/a>\n\t\t\t<\/dt><\/dl><br style=\"clear: both\" \/><dl class='gallery-item'>\n\t\t\t<dt class='gallery-icon portrait'>\n\t\t\t\t<a href='https:\/\/marchelover.com\/wp-content\/uploads\/2019\/02\/22.jpg'><img loading=\"lazy\" decoding=\"async\" width=\"150\" height=\"150\" src=\"https:\/\/marchelover.com\/wp-content\/uploads\/2019\/02\/22-150x150.jpg\" class=\"attachment-thumbnail size-thumbnail\" alt=\"\" \/><\/a>\n\t\t\t<\/dt><\/dl><dl class='gallery-item'>\n\t\t\t<dt class='gallery-icon landscape'>\n\t\t\t\t<a href='https:\/\/marchelover.com\/wp-content\/uploads\/2019\/02\/23.jpg'><img loading=\"lazy\" decoding=\"async\" width=\"150\" height=\"150\" src=\"https:\/\/marchelover.com\/wp-content\/uploads\/2019\/02\/23-150x150.jpg\" class=\"attachment-thumbnail size-thumbnail\" alt=\"\" \/><\/a>\n\t\t\t<\/dt><\/dl><dl class='gallery-item'>\n\t\t\t<dt class='gallery-icon landscape'>\n\t\t\t\t<a href='https:\/\/marchelover.com\/wp-content\/uploads\/2019\/02\/24.jpg'><img loading=\"lazy\" decoding=\"async\" width=\"150\" height=\"150\" src=\"https:\/\/marchelover.com\/wp-content\/uploads\/2019\/02\/24-150x150.jpg\" class=\"attachment-thumbnail size-thumbnail\" alt=\"\" \/><\/a>\n\t\t\t<\/dt><\/dl><dl class='gallery-item'>\n\t\t\t<dt class='gallery-icon portrait'>\n\t\t\t\t<a href='https:\/\/marchelover.com\/wp-content\/uploads\/2019\/02\/25.jpg'><img loading=\"lazy\" decoding=\"async\" width=\"150\" height=\"150\" src=\"https:\/\/marchelover.com\/wp-content\/uploads\/2019\/02\/25-150x150.jpg\" class=\"attachment-thumbnail size-thumbnail\" alt=\"\" \/><\/a>\n\t\t\t<\/dt><\/dl><dl class='gallery-item'>\n\t\t\t<dt class='gallery-icon portrait'>\n\t\t\t\t<a href='https:\/\/marchelover.com\/wp-content\/uploads\/2019\/02\/26.jpg'><img loading=\"lazy\" decoding=\"async\" width=\"150\" height=\"150\" src=\"https:\/\/marchelover.com\/wp-content\/uploads\/2019\/02\/26-150x150.jpg\" class=\"attachment-thumbnail size-thumbnail\" alt=\"\" \/><\/a>\n\t\t\t<\/dt><\/dl><dl class='gallery-item'>\n\t\t\t<dt class='gallery-icon landscape'>\n\t\t\t\t<a href='https:\/\/marchelover.com\/wp-content\/uploads\/2019\/02\/27.jpg'><img loading=\"lazy\" decoding=\"async\" width=\"150\" height=\"150\" src=\"https:\/\/marchelover.com\/wp-content\/uploads\/2019\/02\/27-150x150.jpg\" class=\"attachment-thumbnail size-thumbnail\" alt=\"\" \/><\/a>\n\t\t\t<\/dt><\/dl><dl class='gallery-item'>\n\t\t\t<dt class='gallery-icon portrait'>\n\t\t\t\t<a href='https:\/\/marchelover.com\/wp-content\/uploads\/2019\/02\/28.jpg'><img loading=\"lazy\" decoding=\"async\" width=\"150\" height=\"150\" src=\"https:\/\/marchelover.com\/wp-content\/uploads\/2019\/02\/28-150x150.jpg\" class=\"attachment-thumbnail size-thumbnail\" alt=\"\" \/><\/a>\n\t\t\t<\/dt><\/dl><br style=\"clear: both\" \/><dl class='gallery-item'>\n\t\t\t<dt class='gallery-icon portrait'>\n\t\t\t\t<a href='https:\/\/marchelover.com\/wp-content\/uploads\/2019\/02\/29.jpg'><img loading=\"lazy\" decoding=\"async\" width=\"150\" height=\"150\" src=\"https:\/\/marchelover.com\/wp-content\/uploads\/2019\/02\/29-150x150.jpg\" class=\"attachment-thumbnail size-thumbnail\" alt=\"\" \/><\/a>\n\t\t\t<\/dt><\/dl><dl class='gallery-item'>\n\t\t\t<dt class='gallery-icon portrait'>\n\t\t\t\t<a href='https:\/\/marchelover.com\/wp-content\/uploads\/2019\/02\/30.jpg'><img loading=\"lazy\" decoding=\"async\" width=\"150\" height=\"150\" src=\"https:\/\/marchelover.com\/wp-content\/uploads\/2019\/02\/30-150x150.jpg\" class=\"attachment-thumbnail size-thumbnail\" alt=\"\" \/><\/a>\n\t\t\t<\/dt><\/dl><dl class='gallery-item'>\n\t\t\t<dt class='gallery-icon landscape'>\n\t\t\t\t<a href='https:\/\/marchelover.com\/wp-content\/uploads\/2019\/02\/31.jpg'><img loading=\"lazy\" decoding=\"async\" width=\"150\" height=\"150\" src=\"https:\/\/marchelover.com\/wp-content\/uploads\/2019\/02\/31-150x150.jpg\" class=\"attachment-thumbnail size-thumbnail\" alt=\"\" \/><\/a>\n\t\t\t<\/dt><\/dl><dl class='gallery-item'>\n\t\t\t<dt class='gallery-icon landscape'>\n\t\t\t\t<a href='https:\/\/marchelover.com\/wp-content\/uploads\/2019\/02\/32.jpg'><img loading=\"lazy\" decoding=\"async\" width=\"150\" height=\"150\" src=\"https:\/\/marchelover.com\/wp-content\/uploads\/2019\/02\/32-150x150.jpg\" class=\"attachment-thumbnail size-thumbnail\" alt=\"\" \/><\/a>\n\t\t\t<\/dt><\/dl><dl class='gallery-item'>\n\t\t\t<dt class='gallery-icon landscape'>\n\t\t\t\t<a href='https:\/\/marchelover.com\/wp-content\/uploads\/2019\/02\/33.jpg'><img loading=\"lazy\" decoding=\"async\" width=\"150\" height=\"150\" src=\"https:\/\/marchelover.com\/wp-content\/uploads\/2019\/02\/33-150x150.jpg\" class=\"attachment-thumbnail size-thumbnail\" alt=\"\" \/><\/a>\n\t\t\t<\/dt><\/dl><dl class='gallery-item'>\n\t\t\t<dt class='gallery-icon portrait'>\n\t\t\t\t<a href='https:\/\/marchelover.com\/wp-content\/uploads\/2019\/02\/34.jpg'><img loading=\"lazy\" decoding=\"async\" width=\"150\" height=\"150\" src=\"https:\/\/marchelover.com\/wp-content\/uploads\/2019\/02\/34-150x150.jpg\" class=\"attachment-thumbnail size-thumbnail\" alt=\"\" \/><\/a>\n\t\t\t<\/dt><\/dl><dl class='gallery-item'>\n\t\t\t<dt class='gallery-icon landscape'>\n\t\t\t\t<a href='https:\/\/marchelover.com\/wp-content\/uploads\/2019\/02\/35.jpg'><img loading=\"lazy\" decoding=\"async\" width=\"150\" height=\"150\" src=\"https:\/\/marchelover.com\/wp-content\/uploads\/2019\/02\/35-150x150.jpg\" class=\"attachment-thumbnail size-thumbnail\" alt=\"\" \/><\/a>\n\t\t\t<\/dt><\/dl><br style=\"clear: both\" \/><dl class='gallery-item'>\n\t\t\t<dt class='gallery-icon landscape'>\n\t\t\t\t<a href='https:\/\/marchelover.com\/wp-content\/uploads\/2019\/02\/36.jpg'><img loading=\"lazy\" decoding=\"async\" width=\"150\" height=\"150\" src=\"https:\/\/marchelover.com\/wp-content\/uploads\/2019\/02\/36-150x150.jpg\" class=\"attachment-thumbnail size-thumbnail\" alt=\"\" \/><\/a>\n\t\t\t<\/dt><\/dl><dl class='gallery-item'>\n\t\t\t<dt class='gallery-icon portrait'>\n\t\t\t\t<a href='https:\/\/marchelover.com\/wp-content\/uploads\/2019\/02\/37.jpg'><img loading=\"lazy\" decoding=\"async\" width=\"150\" height=\"150\" src=\"https:\/\/marchelover.com\/wp-content\/uploads\/2019\/02\/37-150x150.jpg\" class=\"attachment-thumbnail size-thumbnail\" alt=\"\" \/><\/a>\n\t\t\t<\/dt><\/dl><dl class='gallery-item'>\n\t\t\t<dt class='gallery-icon landscape'>\n\t\t\t\t<a href='https:\/\/marchelover.com\/wp-content\/uploads\/2019\/02\/38.jpg'><img loading=\"lazy\" decoding=\"async\" width=\"150\" height=\"150\" src=\"https:\/\/marchelover.com\/wp-content\/uploads\/2019\/02\/38-150x150.jpg\" class=\"attachment-thumbnail size-thumbnail\" alt=\"\" srcset=\"https:\/\/marchelover.com\/wp-content\/uploads\/2019\/02\/38-150x150.jpg 150w, https:\/\/marchelover.com\/wp-content\/uploads\/2019\/02\/38-300x300.jpg 300w, https:\/\/marchelover.com\/wp-content\/uploads\/2019\/02\/38-768x768.jpg 768w, https:\/\/marchelover.com\/wp-content\/uploads\/2019\/02\/38-1024x1024.jpg 1024w, https:\/\/marchelover.com\/wp-content\/uploads\/2019\/02\/38-500x500.jpg 500w, https:\/\/marchelover.com\/wp-content\/uploads\/2019\/02\/38-480x480.jpg 480w, https:\/\/marchelover.com\/wp-content\/uploads\/2019\/02\/38-800x800.jpg 800w, https:\/\/marchelover.com\/wp-content\/uploads\/2019\/02\/38-1172x1172.jpg 1172w, https:\/\/marchelover.com\/wp-content\/uploads\/2019\/02\/38-1800x1800.jpg 1800w, https:\/\/marchelover.com\/wp-content\/uploads\/2019\/02\/38.jpg 2021w\" sizes=\"(max-width: 150px) 100vw, 150px\" \/><\/a>\n\t\t\t<\/dt><\/dl><dl class='gallery-item'>\n\t\t\t<dt class='gallery-icon portrait'>\n\t\t\t\t<a href='https:\/\/marchelover.com\/wp-content\/uploads\/2019\/02\/39.jpg'><img loading=\"lazy\" decoding=\"async\" width=\"150\" height=\"150\" src=\"https:\/\/marchelover.com\/wp-content\/uploads\/2019\/02\/39-150x150.jpg\" class=\"attachment-thumbnail size-thumbnail\" alt=\"\" \/><\/a>\n\t\t\t<\/dt><\/dl><dl class='gallery-item'>\n\t\t\t<dt class='gallery-icon landscape'>\n\t\t\t\t<a href='https:\/\/marchelover.com\/wp-content\/uploads\/2019\/02\/40.jpg'><img loading=\"lazy\" decoding=\"async\" width=\"150\" height=\"150\" src=\"https:\/\/marchelover.com\/wp-content\/uploads\/2019\/02\/40-150x150.jpg\" class=\"attachment-thumbnail size-thumbnail\" alt=\"\" \/><\/a>\n\t\t\t<\/dt><\/dl><dl class='gallery-item'>\n\t\t\t<dt class='gallery-icon portrait'>\n\t\t\t\t<a href='https:\/\/marchelover.com\/wp-content\/uploads\/2019\/02\/41.jpg'><img loading=\"lazy\" decoding=\"async\" width=\"150\" height=\"150\" src=\"https:\/\/marchelover.com\/wp-content\/uploads\/2019\/02\/41-150x150.jpg\" class=\"attachment-thumbnail size-thumbnail\" alt=\"\" \/><\/a>\n\t\t\t<\/dt><\/dl><dl class='gallery-item'>\n\t\t\t<dt class='gallery-icon portrait'>\n\t\t\t\t<a href='https:\/\/marchelover.com\/wp-content\/uploads\/2019\/02\/42.jpg'><img loading=\"lazy\" decoding=\"async\" width=\"150\" height=\"150\" src=\"https:\/\/marchelover.com\/wp-content\/uploads\/2019\/02\/42-150x150.jpg\" class=\"attachment-thumbnail size-thumbnail\" alt=\"\" \/><\/a>\n\t\t\t<\/dt><\/dl><br style=\"clear: both\" \/>\n\t\t<\/div>\n\n<p>.<\/p>\n","protected":false},"excerpt":{"rendered":"<p>Rzym Wko\u0144cu przyszed\u0142 czas na Rzym. Od staro\u017cytno\u015bci znany jest jako \u201ewieczne miasto\u201d, a tak\u017ce \u201estolica \u015bwiata\u201d. Do stolicy W\u0142och dotarli\u015bmy p\u00f3\u017anym popo\u0142udniem i od razu poszli\u015bmy na wieczorne zwiedzanie miasta. Na pierwszy plan Bazylika \u015aw. Piotra. Co dziwne uda\u0142o nam si\u0119 unikn\u0105\u0107 gigantycznych kolejek do wej\u015bcia. Bazylika \u015aw. Piotra &hellip; <\/p>\n","protected":false},"author":1,"featured_media":0,"parent":0,"menu_order":8,"comment_status":"closed","ping_status":"closed","template":"","meta":{"footnotes":""},"_links":{"self":[{"href":"https:\/\/marchelover.com\/pl\/wp-json\/wp\/v2\/pages\/1363"}],"collection":[{"href":"https:\/\/marchelover.com\/pl\/wp-json\/wp\/v2\/pages"}],"about":[{"href":"https:\/\/marchelover.com\/pl\/wp-json\/wp\/v2\/types\/page"}],"author":[{"embeddable":true,"href":"https:\/\/marchelover.com\/pl\/wp-json\/wp\/v2\/users\/1"}],"replies":[{"embeddable":true,"href":"https:\/\/marchelover.com\/pl\/wp-json\/wp\/v2\/comments?post=1363"}],"version-history":[{"count":6,"href":"https:\/\/marchelover.com\/pl\/wp-json\/wp\/v2\/pages\/1363\/revisions"}],"predecessor-version":[{"id":1366,"href":"https:\/\/marchelover.com\/pl\/wp-json\/wp\/v2\/pages\/1363\/revisions\/1366"}],"wp:attachment":[{"href":"https:\/\/marchelover.com\/pl\/wp-json\/wp\/v2\/media?parent=1363"}],"curies":[{"name":"wp","href":"https:\/\/api.w.org\/{rel}","templated":true}]}}