{"id":1309,"date":"2018-10-01T16:12:42","date_gmt":"2018-10-01T16:12:42","guid":{"rendered":"http:\/\/marchelover.com\/?page_id=1309"},"modified":"2018-10-03T14:41:29","modified_gmt":"2018-10-03T14:41:29","slug":"greece-crete-2018","status":"publish","type":"page","link":"https:\/\/marchelover.com\/pl\/greece-crete-2018","title":{"rendered":"Grecja \u2013 Kreta 2018"},"content":{"rendered":"<h2>Grecja \u2013 Kreta<\/h2>\n<p class=\"textbox\" dir=\"ltr\">Kiedy klika lat temu na ekrany kin wszed\u0142 film Mamma Mia z Meryl Streep w roli g\u0142\u00f3wnej, kt\u00f3ra prowadzi ma\u0142y hotelik na jednej z greckich wysp, to zamarzy\u0142em o takich wakacjach. W tym roku postanowi\u0142em spe\u0142ni\u0107 to marzenie i wybra\u0142em si\u0119 z przyjaci\u00f3\u0142mi na Kret\u0119, kt\u00f3ra jest najwi\u0119ksz\u0105 greck\u0105 wysp\u0105 po\u0142o\u017con\u0105 na Morzu \u015ar\u00f3dziemnym. Podr\u00f3\u017c zacz\u0119\u0142a si\u0119 od ma\u0142ego nieporozumienia na lotnisku, kiedy to okaza\u0142o si\u0119, \u017ce nie ma nas na li\u015bcie pasa\u017cer\u00f3w. Na szcz\u0119\u015bcie sprawa zosta\u0142a szybko wyja\u015bniona i po 3 godzinnym locie samolotem wyl\u0105dowali\u015bmy na lotnisku w Heraklionie. Krajobraz wyspy tworz\u0105 g\u0142\u00f3wnie skaliste wybrze\u017ca przeplataj\u0105ce si\u0119 z niewielkimi pla\u017cami zape\u0142nionymi zazwyczaj le\u017cakami. Spaceruj\u0105c w\u0105skimi \u015bcie\u017ckami mo\u017cna dostrzec liczne sady drzew oliwnych, r\u00f3\u017cne odmiany kaktus\u00f3w i kolorowych kwiat\u00f3w. Ze wzgl\u0119du na upa\u0142 panuj\u0105cy w ci\u0105gu dnia, \u017cycie towarzyskie na Krecie toczy si\u0119 g\u0142\u00f3wnie wieczorem. Liczne restauracje i bary wype\u0142niaj\u0105 si\u0119 po brzegi spragnionymi szale\u0144stw turystami. Ulice kolorowo o\u015bwietlone zaczynaj\u0105 \u017cy\u0107, w powietrzu unosz\u0105 si\u0119 aromaty kuchni greckiej, a z ka\u017cdej strony docieraj\u0105 g\u0142osy rozm\u00f3w i \u015bmiechu ludzi z ca\u0142ego \u015bwiata. Wzd\u0142u\u017c g\u0142\u00f3wnej ulicy ustawione s\u0105 jeden za drugim sklepy z pami\u0105tkami oferuj\u0105ce wszystko o czym tylko cz\u0142owiek sobie wymarzy.<\/p>\n<p class=\"textbox\" dir=\"ltr\">Podczas pobytu na Krecie wybrali\u015bmy si\u0119 w rejs statkiem do Santorini, kt\u00f3ra jest wulkaniczn\u0105 wysp\u0105 na Morzu Egejskim. Santorini znane jest z lokalnie produkowanego wina, mieszka\u0144cy powtarzaj\u0105 aby oszcz\u0119dza\u0107 wod\u0119 a pi\u0107 wino. Najpi\u0119kniejszym miejscem jest ma\u0142e miasteczko Oia s\u0142yn\u0105ce ze swojej bia\u0142o \u2013 niebieskiej zabudowy. Jest to miejsce artyst\u00f3w, gdzie mo\u017cna podziwia\u0107 liczne galerie sztuki i pozosta\u0142o\u015bci weneckiej fortecy. Jest to jedno z pi\u0119kniejszych miejsc na \u015bwiecie, cho\u0107 bardzo zat\u0142oczone przez turyst\u00f3w co uniemo\u017cliwia w pe\u0142ni relaks. Jedn\u0105 z ciekawostek jest to, \u017ce w miasteczku sw\u00f3j prywatny dom ma Angelina Jolie, obok kt\u00f3rego przeje\u017cd\u017cali\u015bmy autobusem.<\/p>\n<p class=\"textbox\" dir=\"ltr\">Od dawna s\u0142ysza\u0142em du\u017co dobrego na temat kuchni greckiej, ale nie s\u0105dzi\u0142em, \u017ce a\u017c tak j\u0105 pokocham. Nie pami\u0119tam kiedy tak du\u017co jad\u0142em i ca\u0142y czas tylko odlicza\u0142em czas do kolejnego posi\u0142ku. Dania greckie s\u0105 bardzo \u015bwie\u017ce i lekkie.<\/p>\n<p class=\"textbox\" dir=\"ltr\">My\u015bl\u0119, \u017ce w Grecji jest jeszcze wiele miejsc do odkrycia. Moim marzeniem na przysz\u0142o\u015b\u0107 jest zobaczy\u0107 staro\u017cytne Ateny.<\/p>\n\n\t\t<style type=\"text\/css\">\n\t\t\t#gallery-1 {\n\t\t\t\tmargin: auto;\n\t\t\t}\n\t\t\t#gallery-1 .gallery-item {\n\t\t\t\tfloat: left;\n\t\t\t\tmargin-top: 10px;\n\t\t\t\ttext-align: center;\n\t\t\t\twidth: 14%;\n\t\t\t}\n\t\t\t#gallery-1 img {\n\t\t\t\tborder: 2px solid #cfcfcf;\n\t\t\t}\n\t\t\t#gallery-1 .gallery-caption {\n\t\t\t\tmargin-left: 0;\n\t\t\t}\n\t\t\t\/* see gallery_shortcode() in wp-includes\/media.php *\/\n\t\t<\/style>\n\t\t<div id='gallery-1' class='gallery galleryid-1309 gallery-columns-7 gallery-size-thumbnail'><dl class='gallery-item'>\n\t\t\t<dt class='gallery-icon landscape'>\n\t\t\t\t<a href='https:\/\/marchelover.com\/wp-content\/uploads\/2018\/10\/1.jpg'><img loading=\"lazy\" decoding=\"async\" width=\"150\" height=\"150\" src=\"https:\/\/marchelover.com\/wp-content\/uploads\/2018\/10\/1-150x150.jpg\" class=\"attachment-thumbnail size-thumbnail\" alt=\"\" \/><\/a>\n\t\t\t<\/dt><\/dl><dl class='gallery-item'>\n\t\t\t<dt class='gallery-icon landscape'>\n\t\t\t\t<a href='https:\/\/marchelover.com\/wp-content\/uploads\/2018\/10\/2.jpg'><img loading=\"lazy\" decoding=\"async\" width=\"150\" height=\"150\" src=\"https:\/\/marchelover.com\/wp-content\/uploads\/2018\/10\/2-150x150.jpg\" class=\"attachment-thumbnail size-thumbnail\" alt=\"\" \/><\/a>\n\t\t\t<\/dt><\/dl><dl class='gallery-item'>\n\t\t\t<dt class='gallery-icon landscape'>\n\t\t\t\t<a href='https:\/\/marchelover.com\/wp-content\/uploads\/2018\/10\/3.jpg'><img loading=\"lazy\" decoding=\"async\" width=\"150\" height=\"150\" src=\"https:\/\/marchelover.com\/wp-content\/uploads\/2018\/10\/3-150x150.jpg\" class=\"attachment-thumbnail size-thumbnail\" alt=\"\" srcset=\"https:\/\/marchelover.com\/wp-content\/uploads\/2018\/10\/3-150x150.jpg 150w, https:\/\/marchelover.com\/wp-content\/uploads\/2018\/10\/3-300x300.jpg 300w, https:\/\/marchelover.com\/wp-content\/uploads\/2018\/10\/3-768x768.jpg 768w, https:\/\/marchelover.com\/wp-content\/uploads\/2018\/10\/3-500x500.jpg 500w, https:\/\/marchelover.com\/wp-content\/uploads\/2018\/10\/3-480x480.jpg 480w, https:\/\/marchelover.com\/wp-content\/uploads\/2018\/10\/3-800x800.jpg 800w, https:\/\/marchelover.com\/wp-content\/uploads\/2018\/10\/3.jpg 1024w\" sizes=\"(max-width: 150px) 100vw, 150px\" \/><\/a>\n\t\t\t<\/dt><\/dl><dl class='gallery-item'>\n\t\t\t<dt class='gallery-icon portrait'>\n\t\t\t\t<a href='https:\/\/marchelover.com\/wp-content\/uploads\/2018\/10\/4.jpg'><img loading=\"lazy\" decoding=\"async\" width=\"150\" height=\"150\" src=\"https:\/\/marchelover.com\/wp-content\/uploads\/2018\/10\/4-150x150.jpg\" class=\"attachment-thumbnail size-thumbnail\" alt=\"\" \/><\/a>\n\t\t\t<\/dt><\/dl><dl class='gallery-item'>\n\t\t\t<dt class='gallery-icon portrait'>\n\t\t\t\t<a href='https:\/\/marchelover.com\/wp-content\/uploads\/2018\/10\/5.jpg'><img loading=\"lazy\" decoding=\"async\" width=\"150\" height=\"150\" src=\"https:\/\/marchelover.com\/wp-content\/uploads\/2018\/10\/5-150x150.jpg\" class=\"attachment-thumbnail size-thumbnail\" alt=\"\" \/><\/a>\n\t\t\t<\/dt><\/dl><dl class='gallery-item'>\n\t\t\t<dt class='gallery-icon landscape'>\n\t\t\t\t<a href='https:\/\/marchelover.com\/wp-content\/uploads\/2018\/10\/6.jpg'><img loading=\"lazy\" decoding=\"async\" width=\"150\" height=\"150\" src=\"https:\/\/marchelover.com\/wp-content\/uploads\/2018\/10\/6-150x150.jpg\" class=\"attachment-thumbnail size-thumbnail\" alt=\"\" \/><\/a>\n\t\t\t<\/dt><\/dl><dl class='gallery-item'>\n\t\t\t<dt class='gallery-icon landscape'>\n\t\t\t\t<a href='https:\/\/marchelover.com\/wp-content\/uploads\/2018\/10\/7.jpg'><img loading=\"lazy\" decoding=\"async\" width=\"150\" height=\"150\" src=\"https:\/\/marchelover.com\/wp-content\/uploads\/2018\/10\/7-150x150.jpg\" class=\"attachment-thumbnail size-thumbnail\" alt=\"\" \/><\/a>\n\t\t\t<\/dt><\/dl><br style=\"clear: both\" \/><dl class='gallery-item'>\n\t\t\t<dt class='gallery-icon landscape'>\n\t\t\t\t<a href='https:\/\/marchelover.com\/wp-content\/uploads\/2018\/10\/8.jpg'><img loading=\"lazy\" decoding=\"async\" width=\"150\" height=\"150\" src=\"https:\/\/marchelover.com\/wp-content\/uploads\/2018\/10\/8-150x150.jpg\" class=\"attachment-thumbnail size-thumbnail\" alt=\"\" srcset=\"https:\/\/marchelover.com\/wp-content\/uploads\/2018\/10\/8-150x150.jpg 150w, https:\/\/marchelover.com\/wp-content\/uploads\/2018\/10\/8-300x300.jpg 300w, https:\/\/marchelover.com\/wp-content\/uploads\/2018\/10\/8-768x768.jpg 768w, https:\/\/marchelover.com\/wp-content\/uploads\/2018\/10\/8-500x500.jpg 500w, https:\/\/marchelover.com\/wp-content\/uploads\/2018\/10\/8-480x480.jpg 480w, https:\/\/marchelover.com\/wp-content\/uploads\/2018\/10\/8-800x800.jpg 800w, https:\/\/marchelover.com\/wp-content\/uploads\/2018\/10\/8.jpg 1024w\" sizes=\"(max-width: 150px) 100vw, 150px\" \/><\/a>\n\t\t\t<\/dt><\/dl><dl class='gallery-item'>\n\t\t\t<dt class='gallery-icon portrait'>\n\t\t\t\t<a href='https:\/\/marchelover.com\/wp-content\/uploads\/2018\/10\/9.jpg'><img loading=\"lazy\" decoding=\"async\" width=\"150\" height=\"150\" src=\"https:\/\/marchelover.com\/wp-content\/uploads\/2018\/10\/9-150x150.jpg\" class=\"attachment-thumbnail size-thumbnail\" alt=\"\" \/><\/a>\n\t\t\t<\/dt><\/dl><dl class='gallery-item'>\n\t\t\t<dt class='gallery-icon landscape'>\n\t\t\t\t<a href='https:\/\/marchelover.com\/wp-content\/uploads\/2018\/10\/10.jpg'><img loading=\"lazy\" decoding=\"async\" width=\"150\" height=\"150\" src=\"https:\/\/marchelover.com\/wp-content\/uploads\/2018\/10\/10-150x150.jpg\" class=\"attachment-thumbnail size-thumbnail\" alt=\"\" \/><\/a>\n\t\t\t<\/dt><\/dl><dl class='gallery-item'>\n\t\t\t<dt class='gallery-icon landscape'>\n\t\t\t\t<a href='https:\/\/marchelover.com\/wp-content\/uploads\/2018\/10\/11.jpg'><img loading=\"lazy\" decoding=\"async\" width=\"150\" height=\"150\" src=\"https:\/\/marchelover.com\/wp-content\/uploads\/2018\/10\/11-150x150.jpg\" class=\"attachment-thumbnail size-thumbnail\" alt=\"\" \/><\/a>\n\t\t\t<\/dt><\/dl><dl class='gallery-item'>\n\t\t\t<dt class='gallery-icon landscape'>\n\t\t\t\t<a href='https:\/\/marchelover.com\/wp-content\/uploads\/2018\/10\/12.jpg'><img loading=\"lazy\" decoding=\"async\" width=\"150\" height=\"150\" src=\"https:\/\/marchelover.com\/wp-content\/uploads\/2018\/10\/12-150x150.jpg\" class=\"attachment-thumbnail size-thumbnail\" alt=\"\" \/><\/a>\n\t\t\t<\/dt><\/dl><dl class='gallery-item'>\n\t\t\t<dt class='gallery-icon landscape'>\n\t\t\t\t<a href='https:\/\/marchelover.com\/wp-content\/uploads\/2018\/10\/13.jpg'><img loading=\"lazy\" decoding=\"async\" width=\"150\" height=\"150\" src=\"https:\/\/marchelover.com\/wp-content\/uploads\/2018\/10\/13-150x150.jpg\" class=\"attachment-thumbnail size-thumbnail\" alt=\"\" \/><\/a>\n\t\t\t<\/dt><\/dl><dl class='gallery-item'>\n\t\t\t<dt class='gallery-icon landscape'>\n\t\t\t\t<a href='https:\/\/marchelover.com\/wp-content\/uploads\/2018\/10\/14.jpg'><img loading=\"lazy\" decoding=\"async\" width=\"150\" height=\"150\" src=\"https:\/\/marchelover.com\/wp-content\/uploads\/2018\/10\/14-150x150.jpg\" class=\"attachment-thumbnail size-thumbnail\" alt=\"\" \/><\/a>\n\t\t\t<\/dt><\/dl><br style=\"clear: both\" \/><dl class='gallery-item'>\n\t\t\t<dt class='gallery-icon portrait'>\n\t\t\t\t<a href='https:\/\/marchelover.com\/wp-content\/uploads\/2018\/10\/15.jpg'><img loading=\"lazy\" decoding=\"async\" width=\"150\" height=\"150\" src=\"https:\/\/marchelover.com\/wp-content\/uploads\/2018\/10\/15-150x150.jpg\" class=\"attachment-thumbnail size-thumbnail\" alt=\"\" \/><\/a>\n\t\t\t<\/dt><\/dl><dl class='gallery-item'>\n\t\t\t<dt class='gallery-icon landscape'>\n\t\t\t\t<a href='https:\/\/marchelover.com\/wp-content\/uploads\/2018\/10\/16.jpg'><img loading=\"lazy\" decoding=\"async\" width=\"150\" height=\"150\" src=\"https:\/\/marchelover.com\/wp-content\/uploads\/2018\/10\/16-150x150.jpg\" class=\"attachment-thumbnail size-thumbnail\" alt=\"\" srcset=\"https:\/\/marchelover.com\/wp-content\/uploads\/2018\/10\/16-150x150.jpg 150w, https:\/\/marchelover.com\/wp-content\/uploads\/2018\/10\/16-300x300.jpg 300w, https:\/\/marchelover.com\/wp-content\/uploads\/2018\/10\/16-768x768.jpg 768w, https:\/\/marchelover.com\/wp-content\/uploads\/2018\/10\/16-500x500.jpg 500w, https:\/\/marchelover.com\/wp-content\/uploads\/2018\/10\/16-480x480.jpg 480w, https:\/\/marchelover.com\/wp-content\/uploads\/2018\/10\/16-800x800.jpg 800w, https:\/\/marchelover.com\/wp-content\/uploads\/2018\/10\/16.jpg 1024w\" sizes=\"(max-width: 150px) 100vw, 150px\" \/><\/a>\n\t\t\t<\/dt><\/dl><dl class='gallery-item'>\n\t\t\t<dt class='gallery-icon portrait'>\n\t\t\t\t<a href='https:\/\/marchelover.com\/wp-content\/uploads\/2018\/10\/17.jpg'><img loading=\"lazy\" decoding=\"async\" width=\"150\" height=\"150\" src=\"https:\/\/marchelover.com\/wp-content\/uploads\/2018\/10\/17-150x150.jpg\" class=\"attachment-thumbnail size-thumbnail\" alt=\"\" \/><\/a>\n\t\t\t<\/dt><\/dl><dl class='gallery-item'>\n\t\t\t<dt class='gallery-icon landscape'>\n\t\t\t\t<a href='https:\/\/marchelover.com\/wp-content\/uploads\/2018\/10\/18.jpg'><img loading=\"lazy\" decoding=\"async\" width=\"150\" height=\"150\" src=\"https:\/\/marchelover.com\/wp-content\/uploads\/2018\/10\/18-150x150.jpg\" class=\"attachment-thumbnail size-thumbnail\" alt=\"\" \/><\/a>\n\t\t\t<\/dt><\/dl><dl class='gallery-item'>\n\t\t\t<dt class='gallery-icon landscape'>\n\t\t\t\t<a href='https:\/\/marchelover.com\/wp-content\/uploads\/2018\/10\/19.jpg'><img loading=\"lazy\" decoding=\"async\" width=\"150\" height=\"150\" src=\"https:\/\/marchelover.com\/wp-content\/uploads\/2018\/10\/19-150x150.jpg\" class=\"attachment-thumbnail size-thumbnail\" alt=\"\" srcset=\"https:\/\/marchelover.com\/wp-content\/uploads\/2018\/10\/19-150x150.jpg 150w, https:\/\/marchelover.com\/wp-content\/uploads\/2018\/10\/19-300x300.jpg 300w, https:\/\/marchelover.com\/wp-content\/uploads\/2018\/10\/19-768x768.jpg 768w, https:\/\/marchelover.com\/wp-content\/uploads\/2018\/10\/19-500x500.jpg 500w, https:\/\/marchelover.com\/wp-content\/uploads\/2018\/10\/19-480x480.jpg 480w, https:\/\/marchelover.com\/wp-content\/uploads\/2018\/10\/19-800x800.jpg 800w, https:\/\/marchelover.com\/wp-content\/uploads\/2018\/10\/19.jpg 1024w\" sizes=\"(max-width: 150px) 100vw, 150px\" \/><\/a>\n\t\t\t<\/dt><\/dl><dl class='gallery-item'>\n\t\t\t<dt class='gallery-icon portrait'>\n\t\t\t\t<a href='https:\/\/marchelover.com\/wp-content\/uploads\/2018\/10\/20.jpg'><img loading=\"lazy\" decoding=\"async\" width=\"150\" height=\"150\" src=\"https:\/\/marchelover.com\/wp-content\/uploads\/2018\/10\/20-150x150.jpg\" class=\"attachment-thumbnail size-thumbnail\" alt=\"\" \/><\/a>\n\t\t\t<\/dt><\/dl><dl class='gallery-item'>\n\t\t\t<dt class='gallery-icon landscape'>\n\t\t\t\t<a href='https:\/\/marchelover.com\/wp-content\/uploads\/2018\/10\/21.jpg'><img loading=\"lazy\" decoding=\"async\" width=\"150\" height=\"150\" src=\"https:\/\/marchelover.com\/wp-content\/uploads\/2018\/10\/21-150x150.jpg\" class=\"attachment-thumbnail size-thumbnail\" alt=\"\" \/><\/a>\n\t\t\t<\/dt><\/dl><br style=\"clear: both\" \/><dl class='gallery-item'>\n\t\t\t<dt class='gallery-icon portrait'>\n\t\t\t\t<a href='https:\/\/marchelover.com\/wp-content\/uploads\/2018\/10\/22.jpg'><img loading=\"lazy\" decoding=\"async\" width=\"150\" height=\"150\" src=\"https:\/\/marchelover.com\/wp-content\/uploads\/2018\/10\/22-150x150.jpg\" class=\"attachment-thumbnail size-thumbnail\" alt=\"\" \/><\/a>\n\t\t\t<\/dt><\/dl><dl class='gallery-item'>\n\t\t\t<dt class='gallery-icon landscape'>\n\t\t\t\t<a href='https:\/\/marchelover.com\/wp-content\/uploads\/2018\/10\/23.jpg'><img loading=\"lazy\" decoding=\"async\" width=\"150\" height=\"150\" src=\"https:\/\/marchelover.com\/wp-content\/uploads\/2018\/10\/23-150x150.jpg\" class=\"attachment-thumbnail size-thumbnail\" alt=\"\" \/><\/a>\n\t\t\t<\/dt><\/dl><dl class='gallery-item'>\n\t\t\t<dt class='gallery-icon landscape'>\n\t\t\t\t<a href='https:\/\/marchelover.com\/wp-content\/uploads\/2018\/10\/24.jpg'><img loading=\"lazy\" decoding=\"async\" width=\"150\" height=\"150\" src=\"https:\/\/marchelover.com\/wp-content\/uploads\/2018\/10\/24-150x150.jpg\" class=\"attachment-thumbnail size-thumbnail\" alt=\"\" \/><\/a>\n\t\t\t<\/dt><\/dl><dl class='gallery-item'>\n\t\t\t<dt class='gallery-icon portrait'>\n\t\t\t\t<a href='https:\/\/marchelover.com\/wp-content\/uploads\/2018\/10\/25.jpg'><img loading=\"lazy\" decoding=\"async\" width=\"150\" height=\"150\" src=\"https:\/\/marchelover.com\/wp-content\/uploads\/2018\/10\/25-150x150.jpg\" class=\"attachment-thumbnail size-thumbnail\" alt=\"\" \/><\/a>\n\t\t\t<\/dt><\/dl><dl class='gallery-item'>\n\t\t\t<dt class='gallery-icon portrait'>\n\t\t\t\t<a href='https:\/\/marchelover.com\/wp-content\/uploads\/2018\/10\/26.jpg'><img loading=\"lazy\" decoding=\"async\" width=\"150\" height=\"150\" src=\"https:\/\/marchelover.com\/wp-content\/uploads\/2018\/10\/26-150x150.jpg\" class=\"attachment-thumbnail size-thumbnail\" alt=\"\" \/><\/a>\n\t\t\t<\/dt><\/dl><dl class='gallery-item'>\n\t\t\t<dt class='gallery-icon landscape'>\n\t\t\t\t<a href='https:\/\/marchelover.com\/wp-content\/uploads\/2018\/10\/27.jpg'><img loading=\"lazy\" decoding=\"async\" width=\"150\" height=\"150\" src=\"https:\/\/marchelover.com\/wp-content\/uploads\/2018\/10\/27-150x150.jpg\" class=\"attachment-thumbnail size-thumbnail\" alt=\"\" \/><\/a>\n\t\t\t<\/dt><\/dl><dl class='gallery-item'>\n\t\t\t<dt class='gallery-icon landscape'>\n\t\t\t\t<a href='https:\/\/marchelover.com\/wp-content\/uploads\/2018\/10\/28.jpg'><img loading=\"lazy\" decoding=\"async\" width=\"150\" height=\"150\" src=\"https:\/\/marchelover.com\/wp-content\/uploads\/2018\/10\/28-150x150.jpg\" class=\"attachment-thumbnail size-thumbnail\" alt=\"\" \/><\/a>\n\t\t\t<\/dt><\/dl><br style=\"clear: both\" \/><dl class='gallery-item'>\n\t\t\t<dt class='gallery-icon portrait'>\n\t\t\t\t<a href='https:\/\/marchelover.com\/wp-content\/uploads\/2018\/10\/29.jpg'><img loading=\"lazy\" decoding=\"async\" width=\"150\" height=\"150\" src=\"https:\/\/marchelover.com\/wp-content\/uploads\/2018\/10\/29-150x150.jpg\" class=\"attachment-thumbnail size-thumbnail\" alt=\"\" \/><\/a>\n\t\t\t<\/dt><\/dl><dl class='gallery-item'>\n\t\t\t<dt class='gallery-icon portrait'>\n\t\t\t\t<a href='https:\/\/marchelover.com\/wp-content\/uploads\/2018\/10\/30.jpg'><img loading=\"lazy\" decoding=\"async\" width=\"150\" height=\"150\" src=\"https:\/\/marchelover.com\/wp-content\/uploads\/2018\/10\/30-150x150.jpg\" class=\"attachment-thumbnail size-thumbnail\" alt=\"\" \/><\/a>\n\t\t\t<\/dt><\/dl><dl class='gallery-item'>\n\t\t\t<dt class='gallery-icon landscape'>\n\t\t\t\t<a href='https:\/\/marchelover.com\/wp-content\/uploads\/2018\/10\/31.jpg'><img loading=\"lazy\" decoding=\"async\" width=\"150\" height=\"150\" src=\"https:\/\/marchelover.com\/wp-content\/uploads\/2018\/10\/31-150x150.jpg\" class=\"attachment-thumbnail size-thumbnail\" alt=\"\" \/><\/a>\n\t\t\t<\/dt><\/dl><dl class='gallery-item'>\n\t\t\t<dt class='gallery-icon portrait'>\n\t\t\t\t<a href='https:\/\/marchelover.com\/wp-content\/uploads\/2018\/10\/32.jpg'><img loading=\"lazy\" decoding=\"async\" width=\"150\" height=\"150\" src=\"https:\/\/marchelover.com\/wp-content\/uploads\/2018\/10\/32-150x150.jpg\" class=\"attachment-thumbnail size-thumbnail\" alt=\"\" \/><\/a>\n\t\t\t<\/dt><\/dl><dl class='gallery-item'>\n\t\t\t<dt class='gallery-icon landscape'>\n\t\t\t\t<a href='https:\/\/marchelover.com\/wp-content\/uploads\/2018\/10\/33.jpg'><img loading=\"lazy\" decoding=\"async\" width=\"150\" height=\"150\" src=\"https:\/\/marchelover.com\/wp-content\/uploads\/2018\/10\/33-150x150.jpg\" class=\"attachment-thumbnail size-thumbnail\" alt=\"\" srcset=\"https:\/\/marchelover.com\/wp-content\/uploads\/2018\/10\/33-150x150.jpg 150w, https:\/\/marchelover.com\/wp-content\/uploads\/2018\/10\/33-300x300.jpg 300w, https:\/\/marchelover.com\/wp-content\/uploads\/2018\/10\/33-768x768.jpg 768w, https:\/\/marchelover.com\/wp-content\/uploads\/2018\/10\/33-500x500.jpg 500w, https:\/\/marchelover.com\/wp-content\/uploads\/2018\/10\/33-480x480.jpg 480w, https:\/\/marchelover.com\/wp-content\/uploads\/2018\/10\/33-800x800.jpg 800w, https:\/\/marchelover.com\/wp-content\/uploads\/2018\/10\/33.jpg 1024w\" sizes=\"(max-width: 150px) 100vw, 150px\" \/><\/a>\n\t\t\t<\/dt><\/dl><dl class='gallery-item'>\n\t\t\t<dt class='gallery-icon portrait'>\n\t\t\t\t<a href='https:\/\/marchelover.com\/wp-content\/uploads\/2018\/10\/34.jpg'><img loading=\"lazy\" decoding=\"async\" width=\"150\" height=\"150\" src=\"https:\/\/marchelover.com\/wp-content\/uploads\/2018\/10\/34-150x150.jpg\" class=\"attachment-thumbnail size-thumbnail\" alt=\"\" \/><\/a>\n\t\t\t<\/dt><\/dl><dl class='gallery-item'>\n\t\t\t<dt class='gallery-icon landscape'>\n\t\t\t\t<a href='https:\/\/marchelover.com\/wp-content\/uploads\/2018\/10\/35.jpg'><img loading=\"lazy\" decoding=\"async\" width=\"150\" height=\"150\" src=\"https:\/\/marchelover.com\/wp-content\/uploads\/2018\/10\/35-150x150.jpg\" class=\"attachment-thumbnail size-thumbnail\" alt=\"\" \/><\/a>\n\t\t\t<\/dt><\/dl><br style=\"clear: both\" \/>\n\t\t<\/div>\n\n","protected":false},"excerpt":{"rendered":"<p>Grecja \u2013 Kreta Kiedy klika lat temu na ekrany kin wszed\u0142 film Mamma Mia z Meryl Streep w roli g\u0142\u00f3wnej, kt\u00f3ra prowadzi ma\u0142y hotelik na jednej z greckich wysp, to zamarzy\u0142em o takich wakacjach. W tym roku postanowi\u0142em spe\u0142ni\u0107 to marzenie i wybra\u0142em si\u0119 z przyjaci\u00f3\u0142mi na Kret\u0119, kt\u00f3ra jest &hellip; <\/p>\n","protected":false},"author":1,"featured_media":0,"parent":0,"menu_order":9,"comment_status":"closed","ping_status":"closed","template":"","meta":{"footnotes":""},"_links":{"self":[{"href":"https:\/\/marchelover.com\/pl\/wp-json\/wp\/v2\/pages\/1309"}],"collection":[{"href":"https:\/\/marchelover.com\/pl\/wp-json\/wp\/v2\/pages"}],"about":[{"href":"https:\/\/marchelover.com\/pl\/wp-json\/wp\/v2\/types\/page"}],"author":[{"embeddable":true,"href":"https:\/\/marchelover.com\/pl\/wp-json\/wp\/v2\/users\/1"}],"replies":[{"embeddable":true,"href":"https:\/\/marchelover.com\/pl\/wp-json\/wp\/v2\/comments?post=1309"}],"version-history":[{"count":6,"href":"https:\/\/marchelover.com\/pl\/wp-json\/wp\/v2\/pages\/1309\/revisions"}],"predecessor-version":[{"id":1354,"href":"https:\/\/marchelover.com\/pl\/wp-json\/wp\/v2\/pages\/1309\/revisions\/1354"}],"wp:attachment":[{"href":"https:\/\/marchelover.com\/pl\/wp-json\/wp\/v2\/media?parent=1309"}],"curies":[{"name":"wp","href":"https:\/\/api.w.org\/{rel}","templated":true}]}}