{"id":1263,"date":"2017-08-24T19:19:11","date_gmt":"2017-08-24T19:19:11","guid":{"rendered":"http:\/\/marchelover.com\/?page_id=1263"},"modified":"2017-08-24T19:35:13","modified_gmt":"2017-08-24T19:35:13","slug":"berlin-2017","status":"publish","type":"page","link":"https:\/\/marchelover.com\/pl\/berlin-2017","title":{"rendered":"Berlin 2017"},"content":{"rendered":"<h2>Berlin 2017<\/h2>\n<p>Berlin jest tak blisko po\u0142o\u017cony od Wroc\u0142awia a dopiero w tym roku pierwszy raz uda\u0142o mi si\u0119 dotrze\u0107 z wizyt\u0105. Berlin powita\u0142 nas ch\u0142odnym powietrzem jak na \u015brodek lata, ale nie przeszkadza\u0142o to nam w dobrym nastroju. Od razu pierwszego wieczoru wtopili\u015bmy si\u0119 w \u017cycie nocne najbardziej imprezowego miasta Europy. Widok ludzi pal\u0105cych skr\u0119ty czy spaceruj\u0105cych z butelk\u0105 alkoholu w r\u0119ku na nikim tam nie robi wra\u017cenia. Fala m\u0142odych ludzi z ca\u0142ego \u015bwiata wylewa\u0142a si\u0119 z ka\u017cdej mo\u017cliwej uliczki i z ka\u017cdego pubu, ka\u017cdy u\u015bmiechni\u0119ty i pozytywnie nastawiony do \u015bwiata. \u017bycie nocne w Berlinie jest niepowtarzalne i nie ga\u015bnie wraz ze wschodem s\u0142o\u0144ca.<\/p>\n<p>Najlepszym rozwi\u0105zaniem na szybkie zwiedzanie miasta jest rower. W Berlinie na ka\u017cdej uliczce s\u0105 wypo\u017cyczalnie rower\u00f3w a drogi w ka\u017cdej cz\u0119\u015bci miasta dostosowane dla rowerzyst\u00f3w aby czu\u0107 si\u0119 swobodnie i przede wszystkim bezpiecznie. Bardzo mnie zainspirowa\u0142a moda uliczna. Lubi\u0142em jad\u0105c rowerem obserwowa\u0107 bardzo oryginalnie i ekstrawagancko ubranych ludzi. Kilka stylizacji bardzo utkwi\u0142a mi w pami\u0119ci i ju\u017c planuje kiedy swoje modowe obserwacje wykorzysta\u0107. Berlin mimo imprezowego klimatu jest miejscem gdzie mo\u017cna odpocz\u0105\u0107 a to za spraw\u0105 du\u017cej ilo\u015bci park\u00f3w i ogrod\u00f3w, gdzie w spokoju i na \u0142onie natury mo\u017cna si\u0119 zrelaksowa\u0107 od gwaru miejskiego.<\/p>\n<p>Kilka dni wystarczy\u0142o na to, aby zobaczy\u0107 du\u017co ciekawych miejsc. Spodoba\u0142 mi si\u0119 teren starego lotniska, gdzie mo\u017cna aktywnie sp\u0119dzi\u0107 ca\u0142y letni dzie\u0144. Najwi\u0119ksze wra\u017cenie zrobi\u0142 na mnie mur berli\u0144ski przedstawiaj\u0105cy kawa\u0142ek historii a obecnie dzie\u0142a artyst\u00f3w ulicznych. Brama Brandenburska zalana w s\u0142o\u0144cu wygl\u0105da\u0142a imponuj\u0105co a budynek Katedry oczarowa\u0142 mnie swoim niepowtarzalnym stylem. Teraz na pewno b\u0119dzie wi\u0119cej okazji aby ponownie odwiedzi\u0107 Berlin.<\/p>\n\n\t\t<style type=\"text\/css\">\n\t\t\t#gallery-1 {\n\t\t\t\tmargin: auto;\n\t\t\t}\n\t\t\t#gallery-1 .gallery-item {\n\t\t\t\tfloat: left;\n\t\t\t\tmargin-top: 10px;\n\t\t\t\ttext-align: center;\n\t\t\t\twidth: 14%;\n\t\t\t}\n\t\t\t#gallery-1 img {\n\t\t\t\tborder: 2px solid #cfcfcf;\n\t\t\t}\n\t\t\t#gallery-1 .gallery-caption {\n\t\t\t\tmargin-left: 0;\n\t\t\t}\n\t\t\t\/* see gallery_shortcode() in wp-includes\/media.php *\/\n\t\t<\/style>\n\t\t<div id='gallery-1' class='gallery galleryid-1263 gallery-columns-7 gallery-size-thumbnail'><dl class='gallery-item'>\n\t\t\t<dt class='gallery-icon landscape'>\n\t\t\t\t<a href='https:\/\/marchelover.com\/wp-content\/uploads\/2017\/08\/1.jpg'><img loading=\"lazy\" decoding=\"async\" width=\"150\" height=\"150\" src=\"https:\/\/marchelover.com\/wp-content\/uploads\/2017\/08\/1-150x150.jpg\" class=\"attachment-thumbnail size-thumbnail\" alt=\"\" \/><\/a>\n\t\t\t<\/dt><\/dl><dl class='gallery-item'>\n\t\t\t<dt class='gallery-icon landscape'>\n\t\t\t\t<a href='https:\/\/marchelover.com\/wp-content\/uploads\/2017\/08\/2.jpg'><img loading=\"lazy\" decoding=\"async\" width=\"150\" height=\"150\" src=\"https:\/\/marchelover.com\/wp-content\/uploads\/2017\/08\/2-150x150.jpg\" class=\"attachment-thumbnail size-thumbnail\" alt=\"\" \/><\/a>\n\t\t\t<\/dt><\/dl><dl class='gallery-item'>\n\t\t\t<dt class='gallery-icon landscape'>\n\t\t\t\t<a href='https:\/\/marchelover.com\/wp-content\/uploads\/2017\/08\/3.jpg'><img loading=\"lazy\" decoding=\"async\" width=\"150\" height=\"150\" src=\"https:\/\/marchelover.com\/wp-content\/uploads\/2017\/08\/3-150x150.jpg\" class=\"attachment-thumbnail size-thumbnail\" alt=\"\" \/><\/a>\n\t\t\t<\/dt><\/dl><dl class='gallery-item'>\n\t\t\t<dt class='gallery-icon landscape'>\n\t\t\t\t<a href='https:\/\/marchelover.com\/wp-content\/uploads\/2017\/08\/4.jpg'><img loading=\"lazy\" decoding=\"async\" width=\"150\" height=\"150\" src=\"https:\/\/marchelover.com\/wp-content\/uploads\/2017\/08\/4-150x150.jpg\" class=\"attachment-thumbnail size-thumbnail\" alt=\"\" \/><\/a>\n\t\t\t<\/dt><\/dl><dl class='gallery-item'>\n\t\t\t<dt class='gallery-icon landscape'>\n\t\t\t\t<a href='https:\/\/marchelover.com\/wp-content\/uploads\/2017\/08\/5.jpg'><img loading=\"lazy\" decoding=\"async\" width=\"150\" height=\"150\" src=\"https:\/\/marchelover.com\/wp-content\/uploads\/2017\/08\/5-150x150.jpg\" class=\"attachment-thumbnail size-thumbnail\" alt=\"\" \/><\/a>\n\t\t\t<\/dt><\/dl><dl class='gallery-item'>\n\t\t\t<dt class='gallery-icon landscape'>\n\t\t\t\t<a href='https:\/\/marchelover.com\/wp-content\/uploads\/2017\/08\/6.jpg'><img loading=\"lazy\" decoding=\"async\" width=\"150\" height=\"150\" src=\"https:\/\/marchelover.com\/wp-content\/uploads\/2017\/08\/6-150x150.jpg\" class=\"attachment-thumbnail size-thumbnail\" alt=\"\" srcset=\"https:\/\/marchelover.com\/wp-content\/uploads\/2017\/08\/6-150x150.jpg 150w, https:\/\/marchelover.com\/wp-content\/uploads\/2017\/08\/6-300x300.jpg 300w, https:\/\/marchelover.com\/wp-content\/uploads\/2017\/08\/6-768x768.jpg 768w, https:\/\/marchelover.com\/wp-content\/uploads\/2017\/08\/6-500x500.jpg 500w, https:\/\/marchelover.com\/wp-content\/uploads\/2017\/08\/6-480x480.jpg 480w, https:\/\/marchelover.com\/wp-content\/uploads\/2017\/08\/6-800x800.jpg 800w, https:\/\/marchelover.com\/wp-content\/uploads\/2017\/08\/6.jpg 1024w\" sizes=\"(max-width: 150px) 100vw, 150px\" \/><\/a>\n\t\t\t<\/dt><\/dl><dl class='gallery-item'>\n\t\t\t<dt class='gallery-icon landscape'>\n\t\t\t\t<a href='https:\/\/marchelover.com\/wp-content\/uploads\/2017\/08\/7.jpg'><img loading=\"lazy\" decoding=\"async\" width=\"150\" height=\"150\" src=\"https:\/\/marchelover.com\/wp-content\/uploads\/2017\/08\/7-150x150.jpg\" class=\"attachment-thumbnail size-thumbnail\" alt=\"\" srcset=\"https:\/\/marchelover.com\/wp-content\/uploads\/2017\/08\/7-150x150.jpg 150w, https:\/\/marchelover.com\/wp-content\/uploads\/2017\/08\/7-300x300.jpg 300w, https:\/\/marchelover.com\/wp-content\/uploads\/2017\/08\/7-768x768.jpg 768w, https:\/\/marchelover.com\/wp-content\/uploads\/2017\/08\/7-500x500.jpg 500w, https:\/\/marchelover.com\/wp-content\/uploads\/2017\/08\/7-480x480.jpg 480w, https:\/\/marchelover.com\/wp-content\/uploads\/2017\/08\/7-800x800.jpg 800w, https:\/\/marchelover.com\/wp-content\/uploads\/2017\/08\/7.jpg 1024w\" sizes=\"(max-width: 150px) 100vw, 150px\" \/><\/a>\n\t\t\t<\/dt><\/dl><br style=\"clear: both\" \/><dl class='gallery-item'>\n\t\t\t<dt class='gallery-icon portrait'>\n\t\t\t\t<a href='https:\/\/marchelover.com\/wp-content\/uploads\/2017\/08\/8.jpg'><img loading=\"lazy\" decoding=\"async\" width=\"150\" height=\"150\" src=\"https:\/\/marchelover.com\/wp-content\/uploads\/2017\/08\/8-150x150.jpg\" class=\"attachment-thumbnail size-thumbnail\" alt=\"\" \/><\/a>\n\t\t\t<\/dt><\/dl><dl class='gallery-item'>\n\t\t\t<dt class='gallery-icon landscape'>\n\t\t\t\t<a href='https:\/\/marchelover.com\/wp-content\/uploads\/2017\/08\/9.jpg'><img loading=\"lazy\" decoding=\"async\" width=\"150\" height=\"150\" src=\"https:\/\/marchelover.com\/wp-content\/uploads\/2017\/08\/9-150x150.jpg\" class=\"attachment-thumbnail size-thumbnail\" alt=\"\" \/><\/a>\n\t\t\t<\/dt><\/dl><dl class='gallery-item'>\n\t\t\t<dt class='gallery-icon landscape'>\n\t\t\t\t<a href='https:\/\/marchelover.com\/wp-content\/uploads\/2017\/08\/10.jpg'><img loading=\"lazy\" decoding=\"async\" width=\"150\" height=\"150\" src=\"https:\/\/marchelover.com\/wp-content\/uploads\/2017\/08\/10-150x150.jpg\" class=\"attachment-thumbnail size-thumbnail\" alt=\"\" \/><\/a>\n\t\t\t<\/dt><\/dl><dl class='gallery-item'>\n\t\t\t<dt class='gallery-icon portrait'>\n\t\t\t\t<a href='https:\/\/marchelover.com\/wp-content\/uploads\/2017\/08\/11.jpg'><img loading=\"lazy\" decoding=\"async\" width=\"150\" height=\"150\" src=\"https:\/\/marchelover.com\/wp-content\/uploads\/2017\/08\/11-150x150.jpg\" class=\"attachment-thumbnail size-thumbnail\" alt=\"\" \/><\/a>\n\t\t\t<\/dt><\/dl><dl class='gallery-item'>\n\t\t\t<dt class='gallery-icon portrait'>\n\t\t\t\t<a href='https:\/\/marchelover.com\/wp-content\/uploads\/2017\/08\/12.jpg'><img loading=\"lazy\" decoding=\"async\" width=\"150\" height=\"150\" src=\"https:\/\/marchelover.com\/wp-content\/uploads\/2017\/08\/12-150x150.jpg\" class=\"attachment-thumbnail size-thumbnail\" alt=\"\" \/><\/a>\n\t\t\t<\/dt><\/dl><dl class='gallery-item'>\n\t\t\t<dt class='gallery-icon portrait'>\n\t\t\t\t<a href='https:\/\/marchelover.com\/wp-content\/uploads\/2017\/08\/13.jpg'><img loading=\"lazy\" decoding=\"async\" width=\"150\" height=\"150\" src=\"https:\/\/marchelover.com\/wp-content\/uploads\/2017\/08\/13-150x150.jpg\" class=\"attachment-thumbnail size-thumbnail\" alt=\"\" \/><\/a>\n\t\t\t<\/dt><\/dl><dl class='gallery-item'>\n\t\t\t<dt class='gallery-icon portrait'>\n\t\t\t\t<a href='https:\/\/marchelover.com\/wp-content\/uploads\/2017\/08\/14.jpg'><img loading=\"lazy\" decoding=\"async\" width=\"150\" height=\"150\" src=\"https:\/\/marchelover.com\/wp-content\/uploads\/2017\/08\/14-150x150.jpg\" class=\"attachment-thumbnail size-thumbnail\" alt=\"\" \/><\/a>\n\t\t\t<\/dt><\/dl><br style=\"clear: both\" \/><dl class='gallery-item'>\n\t\t\t<dt class='gallery-icon landscape'>\n\t\t\t\t<a href='https:\/\/marchelover.com\/wp-content\/uploads\/2017\/08\/15.jpg'><img loading=\"lazy\" decoding=\"async\" width=\"150\" height=\"150\" src=\"https:\/\/marchelover.com\/wp-content\/uploads\/2017\/08\/15-150x150.jpg\" class=\"attachment-thumbnail size-thumbnail\" alt=\"\" srcset=\"https:\/\/marchelover.com\/wp-content\/uploads\/2017\/08\/15-150x150.jpg 150w, https:\/\/marchelover.com\/wp-content\/uploads\/2017\/08\/15-300x300.jpg 300w, https:\/\/marchelover.com\/wp-content\/uploads\/2017\/08\/15-768x768.jpg 768w, https:\/\/marchelover.com\/wp-content\/uploads\/2017\/08\/15-500x500.jpg 500w, https:\/\/marchelover.com\/wp-content\/uploads\/2017\/08\/15-480x480.jpg 480w, https:\/\/marchelover.com\/wp-content\/uploads\/2017\/08\/15-800x800.jpg 800w, https:\/\/marchelover.com\/wp-content\/uploads\/2017\/08\/15.jpg 1024w\" sizes=\"(max-width: 150px) 100vw, 150px\" \/><\/a>\n\t\t\t<\/dt><\/dl><dl class='gallery-item'>\n\t\t\t<dt class='gallery-icon landscape'>\n\t\t\t\t<a href='https:\/\/marchelover.com\/wp-content\/uploads\/2017\/08\/16.jpg'><img loading=\"lazy\" decoding=\"async\" width=\"150\" height=\"150\" src=\"https:\/\/marchelover.com\/wp-content\/uploads\/2017\/08\/16-150x150.jpg\" class=\"attachment-thumbnail size-thumbnail\" alt=\"\" \/><\/a>\n\t\t\t<\/dt><\/dl><dl class='gallery-item'>\n\t\t\t<dt class='gallery-icon portrait'>\n\t\t\t\t<a href='https:\/\/marchelover.com\/wp-content\/uploads\/2017\/08\/17.jpg'><img loading=\"lazy\" decoding=\"async\" width=\"150\" height=\"150\" src=\"https:\/\/marchelover.com\/wp-content\/uploads\/2017\/08\/17-150x150.jpg\" class=\"attachment-thumbnail size-thumbnail\" alt=\"\" \/><\/a>\n\t\t\t<\/dt><\/dl><dl class='gallery-item'>\n\t\t\t<dt class='gallery-icon landscape'>\n\t\t\t\t<a href='https:\/\/marchelover.com\/wp-content\/uploads\/2017\/08\/18.jpg'><img loading=\"lazy\" decoding=\"async\" width=\"150\" height=\"150\" src=\"https:\/\/marchelover.com\/wp-content\/uploads\/2017\/08\/18-150x150.jpg\" class=\"attachment-thumbnail size-thumbnail\" alt=\"\" srcset=\"https:\/\/marchelover.com\/wp-content\/uploads\/2017\/08\/18-150x150.jpg 150w, https:\/\/marchelover.com\/wp-content\/uploads\/2017\/08\/18-300x300.jpg 300w, https:\/\/marchelover.com\/wp-content\/uploads\/2017\/08\/18-768x768.jpg 768w, https:\/\/marchelover.com\/wp-content\/uploads\/2017\/08\/18-500x500.jpg 500w, https:\/\/marchelover.com\/wp-content\/uploads\/2017\/08\/18-480x480.jpg 480w, https:\/\/marchelover.com\/wp-content\/uploads\/2017\/08\/18-800x800.jpg 800w, https:\/\/marchelover.com\/wp-content\/uploads\/2017\/08\/18.jpg 1024w\" sizes=\"(max-width: 150px) 100vw, 150px\" \/><\/a>\n\t\t\t<\/dt><\/dl><dl class='gallery-item'>\n\t\t\t<dt class='gallery-icon portrait'>\n\t\t\t\t<a href='https:\/\/marchelover.com\/wp-content\/uploads\/2017\/08\/19.jpg'><img loading=\"lazy\" decoding=\"async\" width=\"150\" height=\"150\" src=\"https:\/\/marchelover.com\/wp-content\/uploads\/2017\/08\/19-150x150.jpg\" class=\"attachment-thumbnail size-thumbnail\" alt=\"\" srcset=\"https:\/\/marchelover.com\/wp-content\/uploads\/2017\/08\/19-150x150.jpg 150w, https:\/\/marchelover.com\/wp-content\/uploads\/2017\/08\/19-300x300.jpg 300w, https:\/\/marchelover.com\/wp-content\/uploads\/2017\/08\/19-768x769.jpg 768w, https:\/\/marchelover.com\/wp-content\/uploads\/2017\/08\/19-1023x1024.jpg 1023w, https:\/\/marchelover.com\/wp-content\/uploads\/2017\/08\/19-500x500.jpg 500w, https:\/\/marchelover.com\/wp-content\/uploads\/2017\/08\/19-480x480.jpg 480w, https:\/\/marchelover.com\/wp-content\/uploads\/2017\/08\/19-800x801.jpg 800w, https:\/\/marchelover.com\/wp-content\/uploads\/2017\/08\/19.jpg 1024w\" sizes=\"(max-width: 150px) 100vw, 150px\" \/><\/a>\n\t\t\t<\/dt><\/dl><dl class='gallery-item'>\n\t\t\t<dt class='gallery-icon landscape'>\n\t\t\t\t<a href='https:\/\/marchelover.com\/wp-content\/uploads\/2017\/08\/20.jpg'><img loading=\"lazy\" decoding=\"async\" width=\"150\" height=\"150\" src=\"https:\/\/marchelover.com\/wp-content\/uploads\/2017\/08\/20-150x150.jpg\" class=\"attachment-thumbnail size-thumbnail\" alt=\"\" \/><\/a>\n\t\t\t<\/dt><\/dl><dl class='gallery-item'>\n\t\t\t<dt class='gallery-icon landscape'>\n\t\t\t\t<a href='https:\/\/marchelover.com\/wp-content\/uploads\/2017\/08\/21.jpg'><img loading=\"lazy\" decoding=\"async\" width=\"150\" height=\"150\" src=\"https:\/\/marchelover.com\/wp-content\/uploads\/2017\/08\/21-150x150.jpg\" class=\"attachment-thumbnail size-thumbnail\" alt=\"\" \/><\/a>\n\t\t\t<\/dt><\/dl><br style=\"clear: both\" \/><dl class='gallery-item'>\n\t\t\t<dt class='gallery-icon portrait'>\n\t\t\t\t<a href='https:\/\/marchelover.com\/wp-content\/uploads\/2017\/08\/22.jpg'><img loading=\"lazy\" decoding=\"async\" width=\"150\" height=\"150\" src=\"https:\/\/marchelover.com\/wp-content\/uploads\/2017\/08\/22-150x150.jpg\" class=\"attachment-thumbnail size-thumbnail\" alt=\"\" \/><\/a>\n\t\t\t<\/dt><\/dl><dl class='gallery-item'>\n\t\t\t<dt class='gallery-icon portrait'>\n\t\t\t\t<a href='https:\/\/marchelover.com\/wp-content\/uploads\/2017\/08\/23.jpg'><img loading=\"lazy\" decoding=\"async\" width=\"150\" height=\"150\" src=\"https:\/\/marchelover.com\/wp-content\/uploads\/2017\/08\/23-150x150.jpg\" class=\"attachment-thumbnail size-thumbnail\" alt=\"\" \/><\/a>\n\t\t\t<\/dt><\/dl><dl class='gallery-item'>\n\t\t\t<dt class='gallery-icon portrait'>\n\t\t\t\t<a href='https:\/\/marchelover.com\/wp-content\/uploads\/2017\/08\/24.jpg'><img loading=\"lazy\" decoding=\"async\" width=\"150\" height=\"150\" src=\"https:\/\/marchelover.com\/wp-content\/uploads\/2017\/08\/24-150x150.jpg\" class=\"attachment-thumbnail size-thumbnail\" alt=\"\" \/><\/a>\n\t\t\t<\/dt><\/dl><dl class='gallery-item'>\n\t\t\t<dt class='gallery-icon landscape'>\n\t\t\t\t<a href='https:\/\/marchelover.com\/wp-content\/uploads\/2017\/08\/25.jpg'><img loading=\"lazy\" decoding=\"async\" width=\"150\" height=\"150\" src=\"https:\/\/marchelover.com\/wp-content\/uploads\/2017\/08\/25-150x150.jpg\" class=\"attachment-thumbnail size-thumbnail\" alt=\"\" \/><\/a>\n\t\t\t<\/dt><\/dl><dl class='gallery-item'>\n\t\t\t<dt class='gallery-icon portrait'>\n\t\t\t\t<a href='https:\/\/marchelover.com\/wp-content\/uploads\/2017\/08\/26.jpg'><img loading=\"lazy\" decoding=\"async\" width=\"150\" height=\"150\" src=\"https:\/\/marchelover.com\/wp-content\/uploads\/2017\/08\/26-150x150.jpg\" class=\"attachment-thumbnail size-thumbnail\" alt=\"\" \/><\/a>\n\t\t\t<\/dt><\/dl><dl class='gallery-item'>\n\t\t\t<dt class='gallery-icon landscape'>\n\t\t\t\t<a href='https:\/\/marchelover.com\/wp-content\/uploads\/2017\/08\/27.jpg'><img loading=\"lazy\" decoding=\"async\" width=\"150\" height=\"150\" src=\"https:\/\/marchelover.com\/wp-content\/uploads\/2017\/08\/27-150x150.jpg\" class=\"attachment-thumbnail size-thumbnail\" alt=\"\" srcset=\"https:\/\/marchelover.com\/wp-content\/uploads\/2017\/08\/27-150x150.jpg 150w, https:\/\/marchelover.com\/wp-content\/uploads\/2017\/08\/27-300x300.jpg 300w, https:\/\/marchelover.com\/wp-content\/uploads\/2017\/08\/27-768x768.jpg 768w, https:\/\/marchelover.com\/wp-content\/uploads\/2017\/08\/27-500x500.jpg 500w, https:\/\/marchelover.com\/wp-content\/uploads\/2017\/08\/27-480x480.jpg 480w, https:\/\/marchelover.com\/wp-content\/uploads\/2017\/08\/27-800x800.jpg 800w, https:\/\/marchelover.com\/wp-content\/uploads\/2017\/08\/27.jpg 1024w\" sizes=\"(max-width: 150px) 100vw, 150px\" \/><\/a>\n\t\t\t<\/dt><\/dl><dl class='gallery-item'>\n\t\t\t<dt class='gallery-icon landscape'>\n\t\t\t\t<a href='https:\/\/marchelover.com\/wp-content\/uploads\/2017\/08\/28.jpg'><img loading=\"lazy\" decoding=\"async\" width=\"150\" height=\"150\" src=\"https:\/\/marchelover.com\/wp-content\/uploads\/2017\/08\/28-150x150.jpg\" class=\"attachment-thumbnail size-thumbnail\" alt=\"\" srcset=\"https:\/\/marchelover.com\/wp-content\/uploads\/2017\/08\/28-150x150.jpg 150w, https:\/\/marchelover.com\/wp-content\/uploads\/2017\/08\/28-300x300.jpg 300w, https:\/\/marchelover.com\/wp-content\/uploads\/2017\/08\/28-768x768.jpg 768w, https:\/\/marchelover.com\/wp-content\/uploads\/2017\/08\/28-500x500.jpg 500w, https:\/\/marchelover.com\/wp-content\/uploads\/2017\/08\/28-480x480.jpg 480w, https:\/\/marchelover.com\/wp-content\/uploads\/2017\/08\/28-800x800.jpg 800w, https:\/\/marchelover.com\/wp-content\/uploads\/2017\/08\/28.jpg 1024w\" sizes=\"(max-width: 150px) 100vw, 150px\" \/><\/a>\n\t\t\t<\/dt><\/dl><br style=\"clear: both\" \/><dl class='gallery-item'>\n\t\t\t<dt class='gallery-icon portrait'>\n\t\t\t\t<a href='https:\/\/marchelover.com\/wp-content\/uploads\/2017\/08\/29.jpg'><img loading=\"lazy\" decoding=\"async\" width=\"150\" height=\"150\" src=\"https:\/\/marchelover.com\/wp-content\/uploads\/2017\/08\/29-150x150.jpg\" class=\"attachment-thumbnail size-thumbnail\" alt=\"\" \/><\/a>\n\t\t\t<\/dt><\/dl><dl class='gallery-item'>\n\t\t\t<dt class='gallery-icon landscape'>\n\t\t\t\t<a href='https:\/\/marchelover.com\/wp-content\/uploads\/2017\/08\/30.jpg'><img loading=\"lazy\" decoding=\"async\" width=\"150\" height=\"150\" src=\"https:\/\/marchelover.com\/wp-content\/uploads\/2017\/08\/30-150x150.jpg\" class=\"attachment-thumbnail size-thumbnail\" alt=\"\" \/><\/a>\n\t\t\t<\/dt><\/dl><dl class='gallery-item'>\n\t\t\t<dt class='gallery-icon landscape'>\n\t\t\t\t<a href='https:\/\/marchelover.com\/wp-content\/uploads\/2017\/08\/31.jpg'><img loading=\"lazy\" decoding=\"async\" width=\"150\" height=\"150\" src=\"https:\/\/marchelover.com\/wp-content\/uploads\/2017\/08\/31-150x150.jpg\" class=\"attachment-thumbnail size-thumbnail\" alt=\"\" srcset=\"https:\/\/marchelover.com\/wp-content\/uploads\/2017\/08\/31-150x150.jpg 150w, https:\/\/marchelover.com\/wp-content\/uploads\/2017\/08\/31-300x300.jpg 300w, https:\/\/marchelover.com\/wp-content\/uploads\/2017\/08\/31-768x768.jpg 768w, https:\/\/marchelover.com\/wp-content\/uploads\/2017\/08\/31-500x500.jpg 500w, https:\/\/marchelover.com\/wp-content\/uploads\/2017\/08\/31-480x480.jpg 480w, https:\/\/marchelover.com\/wp-content\/uploads\/2017\/08\/31-800x800.jpg 800w, https:\/\/marchelover.com\/wp-content\/uploads\/2017\/08\/31.jpg 1024w\" sizes=\"(max-width: 150px) 100vw, 150px\" \/><\/a>\n\t\t\t<\/dt><\/dl><dl class='gallery-item'>\n\t\t\t<dt class='gallery-icon landscape'>\n\t\t\t\t<a href='https:\/\/marchelover.com\/wp-content\/uploads\/2017\/08\/32.jpg'><img loading=\"lazy\" decoding=\"async\" width=\"150\" height=\"150\" src=\"https:\/\/marchelover.com\/wp-content\/uploads\/2017\/08\/32-150x150.jpg\" class=\"attachment-thumbnail size-thumbnail\" alt=\"\" \/><\/a>\n\t\t\t<\/dt><\/dl><dl class='gallery-item'>\n\t\t\t<dt class='gallery-icon landscape'>\n\t\t\t\t<a href='https:\/\/marchelover.com\/wp-content\/uploads\/2017\/08\/33.jpg'><img loading=\"lazy\" decoding=\"async\" width=\"150\" height=\"150\" src=\"https:\/\/marchelover.com\/wp-content\/uploads\/2017\/08\/33-150x150.jpg\" class=\"attachment-thumbnail size-thumbnail\" alt=\"\" \/><\/a>\n\t\t\t<\/dt><\/dl><dl class='gallery-item'>\n\t\t\t<dt class='gallery-icon landscape'>\n\t\t\t\t<a href='https:\/\/marchelover.com\/wp-content\/uploads\/2017\/08\/34.jpg'><img loading=\"lazy\" decoding=\"async\" width=\"150\" height=\"150\" src=\"https:\/\/marchelover.com\/wp-content\/uploads\/2017\/08\/34-150x150.jpg\" class=\"attachment-thumbnail size-thumbnail\" alt=\"\" \/><\/a>\n\t\t\t<\/dt><\/dl><dl class='gallery-item'>\n\t\t\t<dt class='gallery-icon landscape'>\n\t\t\t\t<a href='https:\/\/marchelover.com\/wp-content\/uploads\/2017\/08\/35.jpg'><img loading=\"lazy\" decoding=\"async\" width=\"150\" height=\"150\" src=\"https:\/\/marchelover.com\/wp-content\/uploads\/2017\/08\/35-150x150.jpg\" class=\"attachment-thumbnail size-thumbnail\" alt=\"\" \/><\/a>\n\t\t\t<\/dt><\/dl><br style=\"clear: both\" \/>\n\t\t<\/div>\n\n","protected":false},"excerpt":{"rendered":"<p>Berlin 2017 Berlin jest tak blisko po\u0142o\u017cony od Wroc\u0142awia a dopiero w tym roku pierwszy raz uda\u0142o mi si\u0119 dotrze\u0107 z wizyt\u0105. Berlin powita\u0142 nas ch\u0142odnym powietrzem jak na \u015brodek lata, ale nie przeszkadza\u0142o to nam w dobrym nastroju. Od razu pierwszego wieczoru wtopili\u015bmy si\u0119 w \u017cycie nocne najbardziej imprezowego &hellip; <\/p>\n","protected":false},"author":1,"featured_media":0,"parent":0,"menu_order":10,"comment_status":"closed","ping_status":"closed","template":"","meta":{"footnotes":""},"_links":{"self":[{"href":"https:\/\/marchelover.com\/pl\/wp-json\/wp\/v2\/pages\/1263"}],"collection":[{"href":"https:\/\/marchelover.com\/pl\/wp-json\/wp\/v2\/pages"}],"about":[{"href":"https:\/\/marchelover.com\/pl\/wp-json\/wp\/v2\/types\/page"}],"author":[{"embeddable":true,"href":"https:\/\/marchelover.com\/pl\/wp-json\/wp\/v2\/users\/1"}],"replies":[{"embeddable":true,"href":"https:\/\/marchelover.com\/pl\/wp-json\/wp\/v2\/comments?post=1263"}],"version-history":[{"count":4,"href":"https:\/\/marchelover.com\/pl\/wp-json\/wp\/v2\/pages\/1263\/revisions"}],"predecessor-version":[{"id":1303,"href":"https:\/\/marchelover.com\/pl\/wp-json\/wp\/v2\/pages\/1263\/revisions\/1303"}],"wp:attachment":[{"href":"https:\/\/marchelover.com\/pl\/wp-json\/wp\/v2\/media?parent=1263"}],"curies":[{"name":"wp","href":"https:\/\/api.w.org\/{rel}","templated":true}]}}