{"id":1133,"date":"2017-02-27T19:58:46","date_gmt":"2017-02-27T19:58:46","guid":{"rendered":"http:\/\/marchelover.com\/?page_id=1133"},"modified":"2017-02-27T20:13:10","modified_gmt":"2017-02-27T20:13:10","slug":"paris-2017","status":"publish","type":"page","link":"https:\/\/marchelover.com\/pl\/paris-2017","title":{"rendered":"Pary\u017c 2017"},"content":{"rendered":"<\/p>\n<h2 style=\"text-align: justify;\">Pary\u017c<\/h2>\n<p style=\"text-align: justify;\">Pary\u017c jest jednym z niewielu miejsc na \u015bwiecie do kt\u00f3rego mam ogromny sentyment i do kt\u00f3rego zawsze ch\u0119tnie wracam. Szykuj\u0105c si\u0119 do podr\u00f3\u017cy by\u0142em bardzo podekscytowany faktem, \u017ce kolejny raz b\u0119d\u0119 m\u00f3g\u0142 sp\u0119dzi\u0107 kilka dni w moim Pary\u017cu. Tym razem postanowi\u0142em odkry\u0107 miejsca, kt\u00f3rych nie uda\u0142o mi si\u0119 zobaczy\u0107 za pierwszym razem.<\/p>\n<p style=\"text-align: justify;\">Na miejsce dotar\u0142em p\u00f3\u017anym popo\u0142udniem i od razu wybra\u0142em si\u0119 na spacer kr\u0119tymi uliczkami po Montmartre, mojej ulubionej dzielnicy Pary\u017ca. T\u0119tni\u0105ce \u017cyciem restauracje wype\u0142nione po brzegi go\u015b\u0107mi, romantycznie o\u015bwietlone uliczki, u\u015bmiechaj\u0105cy si\u0119 do siebie przechodnie, unosz\u0105ce si\u0119 w powietrzu wytworne perfumy i liczni arty\u015bci, malarze w ferworze swojej pracy wprowadzili mnie w wyj\u0105tkowy nastr\u00f3j. Wiecz\u00f3r zako\u0144czy\u0142em w przyjemnej restauracji jedz\u0105c moja ulubion\u0105 zup\u0119 cebulow\u0105, delektuj\u0105c si\u0119 creme brulee i czerwonym winem.<\/p>\n<p style=\"text-align: justify;\">Poranek rozpocz\u0105\u0142em od fili\u017canki najlepszej kawy z crousantem. Pogoda nie by\u0142a najlepsza dlatego ca\u0142y dzie\u0144 zarezerwowa\u0142em na zwiedzanie Luwru, jednego z najwi\u0119kszych muze\u00f3w sztuki na \u015bwiecie, kt\u00f3re powsta\u0142o w 1793 roku. By\u0142 to g\u0142\u00f3wny punkt mojego wyjazdu do Pary\u017ca. Powierzchnia muzeum oraz ilo\u015b\u0107 ekspozycji zrobi\u0142a na mnie ogromne wra\u017cenie. Najbardziej przypad\u0142 mi do gustu dzia\u0142 Staro\u017cytnej Grecji i Rzymu, ale najwa\u017cniejszym punktem zwiedzania by\u0142o spotkanie oko w oko z Mona Lis\u0105 Leonarda da Vinci. Wisienk\u0105 na torcie by\u0142 Apartament Napoleona, kt\u00f3ry powali\u0142 mnie swoj\u0105 elegancj\u0105, przepychem, ilo\u015bci\u0105 bogactw i zdobie\u0144.<\/p>\n<p style=\"text-align: justify;\">Kolejnego dnia postanowi\u0142em zdoby\u0107 Wie\u017c\u0119 Eiffla, kt\u00f3ra uznawana jest za najbardziej znany obiekt architektoniczny Pary\u017ca. \u015awiadczy o tym chocia\u017cby ilo\u015b\u0107 os\u00f3b sprzedaj\u0105cych r\u00f3\u017cnej wielko\u015bci i koloru wie\u017cyczek w ka\u017cdej cz\u0119\u015bci miasta. Po kilku godzinnym staniu w kolejkach i przej\u015bciu kilku kontroli zdoby\u0142em najwy\u017cszy szczyt Pary\u017ca.<\/p>\n<p style=\"text-align: justify;\">Tradycyjnie ostatnim punktem pobytu w Pary\u017cu by\u0142a wizyta w butiku Chanel i zakup najnowszego magazynu modowego \u201eVogue\u201d. \n\t\t<style type=\"text\/css\">\n\t\t\t#gallery-1 {\n\t\t\t\tmargin: auto;\n\t\t\t}\n\t\t\t#gallery-1 .gallery-item {\n\t\t\t\tfloat: left;\n\t\t\t\tmargin-top: 10px;\n\t\t\t\ttext-align: center;\n\t\t\t\twidth: 14%;\n\t\t\t}\n\t\t\t#gallery-1 img {\n\t\t\t\tborder: 2px solid #cfcfcf;\n\t\t\t}\n\t\t\t#gallery-1 .gallery-caption {\n\t\t\t\tmargin-left: 0;\n\t\t\t}\n\t\t\t\/* see gallery_shortcode() in wp-includes\/media.php *\/\n\t\t<\/style>\n\t\t<div id='gallery-1' class='gallery galleryid-1133 gallery-columns-7 gallery-size-thumbnail'><dl class='gallery-item'>\n\t\t\t<dt class='gallery-icon portrait'>\n\t\t\t\t<a href='https:\/\/marchelover.com\/wp-content\/uploads\/2017\/02\/P1.jpg'><img loading=\"lazy\" decoding=\"async\" width=\"150\" height=\"150\" src=\"https:\/\/marchelover.com\/wp-content\/uploads\/2017\/02\/P1-150x150.jpg\" class=\"attachment-thumbnail size-thumbnail\" alt=\"\" \/><\/a>\n\t\t\t<\/dt><\/dl><dl class='gallery-item'>\n\t\t\t<dt class='gallery-icon portrait'>\n\t\t\t\t<a href='https:\/\/marchelover.com\/wp-content\/uploads\/2017\/02\/P2.jpg'><img loading=\"lazy\" decoding=\"async\" width=\"150\" height=\"150\" src=\"https:\/\/marchelover.com\/wp-content\/uploads\/2017\/02\/P2-150x150.jpg\" class=\"attachment-thumbnail size-thumbnail\" alt=\"\" \/><\/a>\n\t\t\t<\/dt><\/dl><dl class='gallery-item'>\n\t\t\t<dt class='gallery-icon landscape'>\n\t\t\t\t<a href='https:\/\/marchelover.com\/wp-content\/uploads\/2017\/02\/P3.jpg'><img loading=\"lazy\" decoding=\"async\" width=\"150\" height=\"150\" src=\"https:\/\/marchelover.com\/wp-content\/uploads\/2017\/02\/P3-150x150.jpg\" class=\"attachment-thumbnail size-thumbnail\" alt=\"\" \/><\/a>\n\t\t\t<\/dt><\/dl><dl class='gallery-item'>\n\t\t\t<dt class='gallery-icon landscape'>\n\t\t\t\t<a href='https:\/\/marchelover.com\/wp-content\/uploads\/2017\/02\/P4.jpg'><img loading=\"lazy\" decoding=\"async\" width=\"150\" height=\"150\" src=\"https:\/\/marchelover.com\/wp-content\/uploads\/2017\/02\/P4-150x150.jpg\" class=\"attachment-thumbnail size-thumbnail\" alt=\"\" \/><\/a>\n\t\t\t<\/dt><\/dl><dl class='gallery-item'>\n\t\t\t<dt class='gallery-icon portrait'>\n\t\t\t\t<a href='https:\/\/marchelover.com\/wp-content\/uploads\/2017\/02\/P4a.jpg'><img loading=\"lazy\" decoding=\"async\" width=\"150\" height=\"150\" src=\"https:\/\/marchelover.com\/wp-content\/uploads\/2017\/02\/P4a-150x150.jpg\" class=\"attachment-thumbnail size-thumbnail\" alt=\"\" \/><\/a>\n\t\t\t<\/dt><\/dl><dl class='gallery-item'>\n\t\t\t<dt class='gallery-icon landscape'>\n\t\t\t\t<a href='https:\/\/marchelover.com\/wp-content\/uploads\/2017\/02\/P5.jpg'><img loading=\"lazy\" decoding=\"async\" width=\"150\" height=\"150\" src=\"https:\/\/marchelover.com\/wp-content\/uploads\/2017\/02\/P5-150x150.jpg\" class=\"attachment-thumbnail size-thumbnail\" alt=\"\" \/><\/a>\n\t\t\t<\/dt><\/dl><dl class='gallery-item'>\n\t\t\t<dt class='gallery-icon landscape'>\n\t\t\t\t<a href='https:\/\/marchelover.com\/wp-content\/uploads\/2017\/02\/P6.jpg'><img loading=\"lazy\" decoding=\"async\" width=\"150\" height=\"150\" src=\"https:\/\/marchelover.com\/wp-content\/uploads\/2017\/02\/P6-150x150.jpg\" class=\"attachment-thumbnail size-thumbnail\" alt=\"\" \/><\/a>\n\t\t\t<\/dt><\/dl><br style=\"clear: both\" \/><dl class='gallery-item'>\n\t\t\t<dt class='gallery-icon landscape'>\n\t\t\t\t<a href='https:\/\/marchelover.com\/wp-content\/uploads\/2017\/02\/P7.jpg'><img loading=\"lazy\" decoding=\"async\" width=\"150\" height=\"150\" src=\"https:\/\/marchelover.com\/wp-content\/uploads\/2017\/02\/P7-150x150.jpg\" class=\"attachment-thumbnail size-thumbnail\" alt=\"\" \/><\/a>\n\t\t\t<\/dt><\/dl><dl class='gallery-item'>\n\t\t\t<dt class='gallery-icon landscape'>\n\t\t\t\t<a href='https:\/\/marchelover.com\/wp-content\/uploads\/2017\/02\/P8.jpg'><img loading=\"lazy\" decoding=\"async\" width=\"150\" height=\"150\" src=\"https:\/\/marchelover.com\/wp-content\/uploads\/2017\/02\/P8-150x150.jpg\" class=\"attachment-thumbnail size-thumbnail\" alt=\"\" \/><\/a>\n\t\t\t<\/dt><\/dl><dl class='gallery-item'>\n\t\t\t<dt class='gallery-icon portrait'>\n\t\t\t\t<a href='https:\/\/marchelover.com\/wp-content\/uploads\/2017\/02\/P9.jpg'><img loading=\"lazy\" decoding=\"async\" width=\"150\" height=\"150\" src=\"https:\/\/marchelover.com\/wp-content\/uploads\/2017\/02\/P9-150x150.jpg\" class=\"attachment-thumbnail size-thumbnail\" alt=\"\" \/><\/a>\n\t\t\t<\/dt><\/dl><dl class='gallery-item'>\n\t\t\t<dt class='gallery-icon portrait'>\n\t\t\t\t<a href='https:\/\/marchelover.com\/wp-content\/uploads\/2017\/02\/P10.jpg'><img loading=\"lazy\" decoding=\"async\" width=\"150\" height=\"150\" src=\"https:\/\/marchelover.com\/wp-content\/uploads\/2017\/02\/P10-150x150.jpg\" class=\"attachment-thumbnail size-thumbnail\" alt=\"\" \/><\/a>\n\t\t\t<\/dt><\/dl><dl class='gallery-item'>\n\t\t\t<dt class='gallery-icon portrait'>\n\t\t\t\t<a href='https:\/\/marchelover.com\/wp-content\/uploads\/2017\/02\/P11.jpg'><img loading=\"lazy\" decoding=\"async\" width=\"150\" height=\"150\" src=\"https:\/\/marchelover.com\/wp-content\/uploads\/2017\/02\/P11-150x150.jpg\" class=\"attachment-thumbnail size-thumbnail\" alt=\"\" \/><\/a>\n\t\t\t<\/dt><\/dl><dl class='gallery-item'>\n\t\t\t<dt class='gallery-icon portrait'>\n\t\t\t\t<a href='https:\/\/marchelover.com\/wp-content\/uploads\/2017\/02\/P12.jpg'><img loading=\"lazy\" decoding=\"async\" width=\"150\" height=\"150\" src=\"https:\/\/marchelover.com\/wp-content\/uploads\/2017\/02\/P12-150x150.jpg\" class=\"attachment-thumbnail size-thumbnail\" alt=\"\" \/><\/a>\n\t\t\t<\/dt><\/dl><dl class='gallery-item'>\n\t\t\t<dt class='gallery-icon portrait'>\n\t\t\t\t<a href='https:\/\/marchelover.com\/wp-content\/uploads\/2017\/02\/P13.jpg'><img loading=\"lazy\" decoding=\"async\" width=\"150\" height=\"150\" src=\"https:\/\/marchelover.com\/wp-content\/uploads\/2017\/02\/P13-150x150.jpg\" class=\"attachment-thumbnail size-thumbnail\" alt=\"\" \/><\/a>\n\t\t\t<\/dt><\/dl><br style=\"clear: both\" \/><dl class='gallery-item'>\n\t\t\t<dt class='gallery-icon portrait'>\n\t\t\t\t<a href='https:\/\/marchelover.com\/wp-content\/uploads\/2017\/02\/P14.jpg'><img loading=\"lazy\" decoding=\"async\" width=\"150\" height=\"150\" src=\"https:\/\/marchelover.com\/wp-content\/uploads\/2017\/02\/P14-150x150.jpg\" class=\"attachment-thumbnail size-thumbnail\" alt=\"\" \/><\/a>\n\t\t\t<\/dt><\/dl><dl class='gallery-item'>\n\t\t\t<dt class='gallery-icon portrait'>\n\t\t\t\t<a href='https:\/\/marchelover.com\/wp-content\/uploads\/2017\/02\/P15.jpg'><img loading=\"lazy\" decoding=\"async\" width=\"150\" height=\"150\" src=\"https:\/\/marchelover.com\/wp-content\/uploads\/2017\/02\/P15-150x150.jpg\" class=\"attachment-thumbnail size-thumbnail\" alt=\"\" \/><\/a>\n\t\t\t<\/dt><\/dl><dl class='gallery-item'>\n\t\t\t<dt class='gallery-icon landscape'>\n\t\t\t\t<a href='https:\/\/marchelover.com\/wp-content\/uploads\/2017\/02\/P16.jpg'><img loading=\"lazy\" decoding=\"async\" width=\"150\" height=\"150\" src=\"https:\/\/marchelover.com\/wp-content\/uploads\/2017\/02\/P16-150x150.jpg\" class=\"attachment-thumbnail size-thumbnail\" alt=\"\" srcset=\"https:\/\/marchelover.com\/wp-content\/uploads\/2017\/02\/P16-150x150.jpg 150w, https:\/\/marchelover.com\/wp-content\/uploads\/2017\/02\/P16-300x300.jpg 300w, https:\/\/marchelover.com\/wp-content\/uploads\/2017\/02\/P16-768x768.jpg 768w, https:\/\/marchelover.com\/wp-content\/uploads\/2017\/02\/P16.jpg 1024w, https:\/\/marchelover.com\/wp-content\/uploads\/2017\/02\/P16-500x500.jpg 500w, https:\/\/marchelover.com\/wp-content\/uploads\/2017\/02\/P16-480x480.jpg 480w, https:\/\/marchelover.com\/wp-content\/uploads\/2017\/02\/P16-800x800.jpg 800w\" sizes=\"(max-width: 150px) 100vw, 150px\" \/><\/a>\n\t\t\t<\/dt><\/dl><dl class='gallery-item'>\n\t\t\t<dt class='gallery-icon portrait'>\n\t\t\t\t<a href='https:\/\/marchelover.com\/wp-content\/uploads\/2017\/02\/P17.jpg'><img loading=\"lazy\" decoding=\"async\" width=\"150\" height=\"150\" src=\"https:\/\/marchelover.com\/wp-content\/uploads\/2017\/02\/P17-150x150.jpg\" class=\"attachment-thumbnail size-thumbnail\" alt=\"\" \/><\/a>\n\t\t\t<\/dt><\/dl><dl class='gallery-item'>\n\t\t\t<dt class='gallery-icon portrait'>\n\t\t\t\t<a href='https:\/\/marchelover.com\/wp-content\/uploads\/2017\/02\/P18.jpg'><img loading=\"lazy\" decoding=\"async\" width=\"150\" height=\"150\" src=\"https:\/\/marchelover.com\/wp-content\/uploads\/2017\/02\/P18-150x150.jpg\" class=\"attachment-thumbnail size-thumbnail\" alt=\"\" \/><\/a>\n\t\t\t<\/dt><\/dl><dl class='gallery-item'>\n\t\t\t<dt class='gallery-icon portrait'>\n\t\t\t\t<a href='https:\/\/marchelover.com\/wp-content\/uploads\/2017\/02\/P19.jpg'><img loading=\"lazy\" decoding=\"async\" width=\"150\" height=\"150\" src=\"https:\/\/marchelover.com\/wp-content\/uploads\/2017\/02\/P19-150x150.jpg\" class=\"attachment-thumbnail size-thumbnail\" alt=\"\" \/><\/a>\n\t\t\t<\/dt><\/dl><dl class='gallery-item'>\n\t\t\t<dt class='gallery-icon landscape'>\n\t\t\t\t<a href='https:\/\/marchelover.com\/wp-content\/uploads\/2017\/02\/P20.jpg'><img loading=\"lazy\" decoding=\"async\" width=\"150\" height=\"150\" src=\"https:\/\/marchelover.com\/wp-content\/uploads\/2017\/02\/P20-150x150.jpg\" class=\"attachment-thumbnail size-thumbnail\" alt=\"\" \/><\/a>\n\t\t\t<\/dt><\/dl><br style=\"clear: both\" \/><dl class='gallery-item'>\n\t\t\t<dt class='gallery-icon landscape'>\n\t\t\t\t<a href='https:\/\/marchelover.com\/wp-content\/uploads\/2017\/02\/P21.jpg'><img loading=\"lazy\" decoding=\"async\" width=\"150\" height=\"150\" src=\"https:\/\/marchelover.com\/wp-content\/uploads\/2017\/02\/P21-150x150.jpg\" class=\"attachment-thumbnail size-thumbnail\" alt=\"\" \/><\/a>\n\t\t\t<\/dt><\/dl><dl class='gallery-item'>\n\t\t\t<dt class='gallery-icon landscape'>\n\t\t\t\t<a href='https:\/\/marchelover.com\/wp-content\/uploads\/2017\/02\/P22.jpg'><img loading=\"lazy\" decoding=\"async\" width=\"150\" height=\"150\" src=\"https:\/\/marchelover.com\/wp-content\/uploads\/2017\/02\/P22-150x150.jpg\" class=\"attachment-thumbnail size-thumbnail\" alt=\"\" srcset=\"https:\/\/marchelover.com\/wp-content\/uploads\/2017\/02\/P22-150x150.jpg 150w, https:\/\/marchelover.com\/wp-content\/uploads\/2017\/02\/P22-300x300.jpg 300w, https:\/\/marchelover.com\/wp-content\/uploads\/2017\/02\/P22-768x768.jpg 768w, https:\/\/marchelover.com\/wp-content\/uploads\/2017\/02\/P22.jpg 1024w, https:\/\/marchelover.com\/wp-content\/uploads\/2017\/02\/P22-500x500.jpg 500w, https:\/\/marchelover.com\/wp-content\/uploads\/2017\/02\/P22-480x480.jpg 480w, https:\/\/marchelover.com\/wp-content\/uploads\/2017\/02\/P22-800x800.jpg 800w\" sizes=\"(max-width: 150px) 100vw, 150px\" \/><\/a>\n\t\t\t<\/dt><\/dl><dl class='gallery-item'>\n\t\t\t<dt class='gallery-icon portrait'>\n\t\t\t\t<a href='https:\/\/marchelover.com\/wp-content\/uploads\/2017\/02\/P23.jpg'><img loading=\"lazy\" decoding=\"async\" width=\"150\" height=\"150\" src=\"https:\/\/marchelover.com\/wp-content\/uploads\/2017\/02\/P23-150x150.jpg\" class=\"attachment-thumbnail size-thumbnail\" alt=\"\" \/><\/a>\n\t\t\t<\/dt><\/dl><dl class='gallery-item'>\n\t\t\t<dt class='gallery-icon landscape'>\n\t\t\t\t<a href='https:\/\/marchelover.com\/wp-content\/uploads\/2017\/02\/P24.jpg'><img loading=\"lazy\" decoding=\"async\" width=\"150\" height=\"150\" src=\"https:\/\/marchelover.com\/wp-content\/uploads\/2017\/02\/P24-150x150.jpg\" class=\"attachment-thumbnail size-thumbnail\" alt=\"\" \/><\/a>\n\t\t\t<\/dt><\/dl><dl class='gallery-item'>\n\t\t\t<dt class='gallery-icon portrait'>\n\t\t\t\t<a href='https:\/\/marchelover.com\/wp-content\/uploads\/2017\/02\/P25.jpg'><img loading=\"lazy\" decoding=\"async\" width=\"150\" height=\"150\" src=\"https:\/\/marchelover.com\/wp-content\/uploads\/2017\/02\/P25-150x150.jpg\" class=\"attachment-thumbnail size-thumbnail\" alt=\"\" \/><\/a>\n\t\t\t<\/dt><\/dl><dl class='gallery-item'>\n\t\t\t<dt class='gallery-icon landscape'>\n\t\t\t\t<a href='https:\/\/marchelover.com\/wp-content\/uploads\/2017\/02\/P26.jpg'><img loading=\"lazy\" decoding=\"async\" width=\"150\" height=\"150\" src=\"https:\/\/marchelover.com\/wp-content\/uploads\/2017\/02\/P26-150x150.jpg\" class=\"attachment-thumbnail size-thumbnail\" alt=\"\" \/><\/a>\n\t\t\t<\/dt><\/dl><dl class='gallery-item'>\n\t\t\t<dt class='gallery-icon portrait'>\n\t\t\t\t<a href='https:\/\/marchelover.com\/wp-content\/uploads\/2017\/02\/P27.jpg'><img loading=\"lazy\" decoding=\"async\" width=\"150\" height=\"150\" src=\"https:\/\/marchelover.com\/wp-content\/uploads\/2017\/02\/P27-150x150.jpg\" class=\"attachment-thumbnail size-thumbnail\" alt=\"\" \/><\/a>\n\t\t\t<\/dt><\/dl><br style=\"clear: both\" \/><dl class='gallery-item'>\n\t\t\t<dt class='gallery-icon portrait'>\n\t\t\t\t<a href='https:\/\/marchelover.com\/wp-content\/uploads\/2017\/02\/P28.jpg'><img loading=\"lazy\" decoding=\"async\" width=\"150\" height=\"150\" src=\"https:\/\/marchelover.com\/wp-content\/uploads\/2017\/02\/P28-150x150.jpg\" class=\"attachment-thumbnail size-thumbnail\" alt=\"\" \/><\/a>\n\t\t\t<\/dt><\/dl><dl class='gallery-item'>\n\t\t\t<dt class='gallery-icon portrait'>\n\t\t\t\t<a href='https:\/\/marchelover.com\/wp-content\/uploads\/2017\/02\/P29.jpg'><img loading=\"lazy\" decoding=\"async\" width=\"150\" height=\"150\" src=\"https:\/\/marchelover.com\/wp-content\/uploads\/2017\/02\/P29-150x150.jpg\" class=\"attachment-thumbnail size-thumbnail\" alt=\"\" \/><\/a>\n\t\t\t<\/dt><\/dl><dl class='gallery-item'>\n\t\t\t<dt class='gallery-icon portrait'>\n\t\t\t\t<a href='https:\/\/marchelover.com\/wp-content\/uploads\/2017\/02\/P30.jpg'><img loading=\"lazy\" decoding=\"async\" width=\"150\" height=\"150\" src=\"https:\/\/marchelover.com\/wp-content\/uploads\/2017\/02\/P30-150x150.jpg\" class=\"attachment-thumbnail size-thumbnail\" alt=\"\" \/><\/a>\n\t\t\t<\/dt><\/dl><dl class='gallery-item'>\n\t\t\t<dt class='gallery-icon landscape'>\n\t\t\t\t<a href='https:\/\/marchelover.com\/wp-content\/uploads\/2017\/02\/P31.jpg'><img loading=\"lazy\" decoding=\"async\" width=\"150\" height=\"150\" src=\"https:\/\/marchelover.com\/wp-content\/uploads\/2017\/02\/P31-150x150.jpg\" class=\"attachment-thumbnail size-thumbnail\" alt=\"\" \/><\/a>\n\t\t\t<\/dt><\/dl><dl class='gallery-item'>\n\t\t\t<dt class='gallery-icon landscape'>\n\t\t\t\t<a href='https:\/\/marchelover.com\/wp-content\/uploads\/2017\/02\/P32.jpg'><img loading=\"lazy\" decoding=\"async\" width=\"150\" height=\"150\" src=\"https:\/\/marchelover.com\/wp-content\/uploads\/2017\/02\/P32-150x150.jpg\" class=\"attachment-thumbnail size-thumbnail\" alt=\"\" \/><\/a>\n\t\t\t<\/dt><\/dl><dl class='gallery-item'>\n\t\t\t<dt class='gallery-icon portrait'>\n\t\t\t\t<a href='https:\/\/marchelover.com\/wp-content\/uploads\/2017\/02\/P33.jpg'><img loading=\"lazy\" decoding=\"async\" width=\"150\" height=\"150\" src=\"https:\/\/marchelover.com\/wp-content\/uploads\/2017\/02\/P33-150x150.jpg\" class=\"attachment-thumbnail size-thumbnail\" alt=\"\" \/><\/a>\n\t\t\t<\/dt><\/dl><dl class='gallery-item'>\n\t\t\t<dt class='gallery-icon portrait'>\n\t\t\t\t<a href='https:\/\/marchelover.com\/wp-content\/uploads\/2017\/02\/P34.jpg'><img loading=\"lazy\" decoding=\"async\" width=\"150\" height=\"150\" src=\"https:\/\/marchelover.com\/wp-content\/uploads\/2017\/02\/P34-150x150.jpg\" class=\"attachment-thumbnail size-thumbnail\" alt=\"\" \/><\/a>\n\t\t\t<\/dt><\/dl><br style=\"clear: both\" \/><dl class='gallery-item'>\n\t\t\t<dt class='gallery-icon portrait'>\n\t\t\t\t<a href='https:\/\/marchelover.com\/wp-content\/uploads\/2017\/02\/P35.jpg'><img loading=\"lazy\" decoding=\"async\" width=\"150\" height=\"150\" src=\"https:\/\/marchelover.com\/wp-content\/uploads\/2017\/02\/P35-150x150.jpg\" class=\"attachment-thumbnail size-thumbnail\" alt=\"\" \/><\/a>\n\t\t\t<\/dt><\/dl><dl class='gallery-item'>\n\t\t\t<dt class='gallery-icon portrait'>\n\t\t\t\t<a href='https:\/\/marchelover.com\/wp-content\/uploads\/2017\/02\/P36.jpg'><img loading=\"lazy\" decoding=\"async\" width=\"150\" height=\"150\" src=\"https:\/\/marchelover.com\/wp-content\/uploads\/2017\/02\/P36-150x150.jpg\" class=\"attachment-thumbnail size-thumbnail\" alt=\"\" \/><\/a>\n\t\t\t<\/dt><\/dl><dl class='gallery-item'>\n\t\t\t<dt class='gallery-icon landscape'>\n\t\t\t\t<a href='https:\/\/marchelover.com\/wp-content\/uploads\/2017\/02\/P37.jpg'><img loading=\"lazy\" decoding=\"async\" width=\"150\" height=\"150\" src=\"https:\/\/marchelover.com\/wp-content\/uploads\/2017\/02\/P37-150x150.jpg\" class=\"attachment-thumbnail size-thumbnail\" alt=\"\" \/><\/a>\n\t\t\t<\/dt><\/dl>\n\t\t\t<br style='clear: both' \/>\n\t\t<\/div>\n\n<p style=\"text-align: justify;\">\n","protected":false},"excerpt":{"rendered":"<p>Pary\u017c Pary\u017c jest jednym z niewielu miejsc na \u015bwiecie do kt\u00f3rego mam ogromny sentyment i do kt\u00f3rego zawsze ch\u0119tnie wracam. Szykuj\u0105c si\u0119 do podr\u00f3\u017cy by\u0142em bardzo podekscytowany faktem, \u017ce kolejny raz b\u0119d\u0119 m\u00f3g\u0142 sp\u0119dzi\u0107 kilka dni w moim Pary\u017cu. Tym razem postanowi\u0142em odkry\u0107 miejsca, kt\u00f3rych nie uda\u0142o mi si\u0119 zobaczy\u0107 &hellip; <\/p>\n","protected":false},"author":1,"featured_media":0,"parent":0,"menu_order":12,"comment_status":"open","ping_status":"open","template":"","meta":{"footnotes":""},"_links":{"self":[{"href":"https:\/\/marchelover.com\/pl\/wp-json\/wp\/v2\/pages\/1133"}],"collection":[{"href":"https:\/\/marchelover.com\/pl\/wp-json\/wp\/v2\/pages"}],"about":[{"href":"https:\/\/marchelover.com\/pl\/wp-json\/wp\/v2\/types\/page"}],"author":[{"embeddable":true,"href":"https:\/\/marchelover.com\/pl\/wp-json\/wp\/v2\/users\/1"}],"replies":[{"embeddable":true,"href":"https:\/\/marchelover.com\/pl\/wp-json\/wp\/v2\/comments?post=1133"}],"version-history":[{"count":4,"href":"https:\/\/marchelover.com\/pl\/wp-json\/wp\/v2\/pages\/1133\/revisions"}],"predecessor-version":[{"id":1177,"href":"https:\/\/marchelover.com\/pl\/wp-json\/wp\/v2\/pages\/1133\/revisions\/1177"}],"wp:attachment":[{"href":"https:\/\/marchelover.com\/pl\/wp-json\/wp\/v2\/media?parent=1133"}],"curies":[{"name":"wp","href":"https:\/\/api.w.org\/{rel}","templated":true}]}}